{"id":1222,"date":"2024-11-18T13:35:38","date_gmt":"2024-11-18T12:35:38","guid":{"rendered":"https:\/\/monrevevalkenburg.com\/blog\/"},"modified":"2025-02-27T12:08:30","modified_gmt":"2025-02-27T11:08:30","slug":"blog","status":"publish","type":"page","link":"https:\/\/monrevevalkenburg.com\/de\/blog\/","title":{"rendered":"Blog"},"content":{"rendered":"\r\n<div class=\"eye-block empty-space empty-space--large pt-md-5 pb-md-5 pt-4 pb-4\" ><\/div>\n\n\n<h1 class=\"wp-block-heading has-text-align-center\" id=\"mon-reve-blog\">Mon R\u00eave Blog<\/h1>\n\n\n\r\n<div class=\"eye-block empty-space empty-space--small pt-md-3 pb-md-3 pt-2 pb-2\" ><\/div>\n\n\n<p class=\"has-text-align-center\">Zurzeit sind noch keine Blogeintr\u00e4ge vorhanden. Schauen Sie gern zu einem sp\u00e4teren Zeitpunkt nochmal vorbei.<\/p>\n\n\n\r\n<div class=\"eye-block empty-space empty-space--large pt-md-5 pb-md-5 pt-4 pb-4\" ><\/div>","protected":false},"excerpt":{"rendered":"<p>Mon R\u00eave Blog Zurzeit sind noch keine Blogeintr\u00e4ge vorhanden. Schauen Sie gern zu einem sp\u00e4teren Zeitpunkt nochmal vorbei.<\/p>\n","protected":false},"author":1,"featured_media":0,"parent":0,"menu_order":0,"comment_status":"closed","ping_status":"closed","template":"","meta":{"_acf_changed":false,"ghostkit_customizer_options":"","ghostkit_custom_css":"","ghostkit_custom_js_head":"","ghostkit_custom_js_foot":"","ghostkit_typography":"","footnotes":""},"class_list":["post-1222","page","type-page","status-publish","hentry"],"acf":[],"yoast_head":"<!-- This site is optimized with the Yoast SEO plugin v27.3 - https:\/\/yoast.com\/product\/yoast-seo-wordpress\/ -->\n<title>Blog - Mon R\u00eave<\/title>\n<meta name=\"robots\" content=\"index, follow, max-snippet:-1, max-image-preview:large, max-video-preview:-1\" \/>\n<link rel=\"canonical\" href=\"https:\/\/monrevevalkenburg.com\/de\/blog\/\" \/>\n<meta property=\"og:locale\" content=\"de_DE\" \/>\n<meta property=\"og:type\" content=\"article\" \/>\n<meta property=\"og:title\" content=\"Blog - Mon R\u00eave\" \/>\n<meta property=\"og:description\" content=\"Mon R\u00eave Blog Zurzeit sind noch keine Blogeintr\u00e4ge vorhanden. Schauen Sie gern zu einem sp\u00e4teren Zeitpunkt nochmal vorbei.\" \/>\n<meta property=\"og:url\" content=\"https:\/\/monrevevalkenburg.com\/de\/blog\/\" \/>\n<meta property=\"og:site_name\" content=\"Mon R\u00eave\" \/>\n<meta property=\"article:modified_time\" content=\"2025-02-27T11:08:30+00:00\" \/>\n<meta name=\"twitter:card\" content=\"summary_large_image\" \/>\n<meta name=\"twitter:label1\" content=\"Gesch\u00e4tzte Lesezeit\" \/>\n\t<meta name=\"twitter:data1\" content=\"1\u00a0Minute\" \/>\n<script type=\"application\/ld+json\" class=\"yoast-schema-graph\">{\"@context\":\"https:\\\/\\\/schema.org\",\"@graph\":[{\"@type\":\"WebPage\",\"@id\":\"https:\\\/\\\/monrevevalkenburg.com\\\/de\\\/blog\\\/\",\"url\":\"https:\\\/\\\/monrevevalkenburg.com\\\/de\\\/blog\\\/\",\"name\":\"Blog - Mon R\u00eave\",\"isPartOf\":{\"@id\":\"https:\\\/\\\/monrevevalkenburg.com\\\/de\\\/#website\"},\"datePublished\":\"2024-11-18T12:35:38+00:00\",\"dateModified\":\"2025-02-27T11:08:30+00:00\",\"breadcrumb\":{\"@id\":\"https:\\\/\\\/monrevevalkenburg.com\\\/de\\\/blog\\\/#breadcrumb\"},\"inLanguage\":\"de\",\"potentialAction\":[{\"@type\":\"ReadAction\",\"target\":[\"https:\\\/\\\/monrevevalkenburg.com\\\/de\\\/blog\\\/\"]}]},{\"@type\":\"BreadcrumbList\",\"@id\":\"https:\\\/\\\/monrevevalkenburg.com\\\/de\\\/blog\\\/#breadcrumb\",\"itemListElement\":[{\"@type\":\"ListItem\",\"position\":1,\"name\":\"Home\",\"item\":\"https:\\\/\\\/monrevevalkenburg.com\\\/de\\\/\"},{\"@type\":\"ListItem\",\"position\":2,\"name\":\"Blog\"}]},{\"@type\":\"WebSite\",\"@id\":\"https:\\\/\\\/monrevevalkenburg.com\\\/de\\\/#website\",\"url\":\"https:\\\/\\\/monrevevalkenburg.com\\\/de\\\/\",\"name\":\"Mon R\u00eave Valkenburg\",\"description\":\"\",\"publisher\":{\"@id\":\"https:\\\/\\\/monrevevalkenburg.com\\\/de\\\/#organization\"},\"potentialAction\":[{\"@type\":\"SearchAction\",\"target\":{\"@type\":\"EntryPoint\",\"urlTemplate\":\"https:\\\/\\\/monrevevalkenburg.com\\\/de\\\/?s={search_term_string}\"},\"query-input\":{\"@type\":\"PropertyValueSpecification\",\"valueRequired\":true,\"valueName\":\"search_term_string\"}}],\"inLanguage\":\"de\"},{\"@type\":\"Organization\",\"@id\":\"https:\\\/\\\/monrevevalkenburg.com\\\/de\\\/#organization\",\"name\":\"Mon R\u00eave\",\"url\":\"https:\\\/\\\/monrevevalkenburg.com\\\/de\\\/\",\"logo\":{\"@type\":\"ImageObject\",\"inLanguage\":\"de\",\"@id\":\"https:\\\/\\\/monrevevalkenburg.com\\\/de\\\/#\\\/schema\\\/logo\\\/image\\\/\",\"url\":\"https:\\\/\\\/monrevevalkenburg.com\\\/wp-content\\\/uploads\\\/2024\\\/09\\\/placeholder-logo.png\",\"contentUrl\":\"https:\\\/\\\/monrevevalkenburg.com\\\/wp-content\\\/uploads\\\/2024\\\/09\\\/placeholder-logo.png\",\"width\":794,\"height\":794,\"caption\":\"Mon R\u00eave\"},\"image\":{\"@id\":\"https:\\\/\\\/monrevevalkenburg.com\\\/de\\\/#\\\/schema\\\/logo\\\/image\\\/\"}}]}<\/script>\n<!-- \/ Yoast SEO plugin. -->","yoast_head_json":{"title":"Blog - Mon R\u00eave","robots":{"index":"index","follow":"follow","max-snippet":"max-snippet:-1","max-image-preview":"max-image-preview:large","max-video-preview":"max-video-preview:-1"},"canonical":"https:\/\/monrevevalkenburg.com\/de\/blog\/","og_locale":"de_DE","og_type":"article","og_title":"Blog - Mon R\u00eave","og_description":"Mon R\u00eave Blog Zurzeit sind noch keine Blogeintr\u00e4ge vorhanden. Schauen Sie gern zu einem sp\u00e4teren Zeitpunkt nochmal vorbei.","og_url":"https:\/\/monrevevalkenburg.com\/de\/blog\/","og_site_name":"Mon R\u00eave","article_modified_time":"2025-02-27T11:08:30+00:00","twitter_card":"summary_large_image","twitter_misc":{"Gesch\u00e4tzte Lesezeit":"1\u00a0Minute"},"schema":{"@context":"https:\/\/schema.org","@graph":[{"@type":"WebPage","@id":"https:\/\/monrevevalkenburg.com\/de\/blog\/","url":"https:\/\/monrevevalkenburg.com\/de\/blog\/","name":"Blog - Mon R\u00eave","isPartOf":{"@id":"https:\/\/monrevevalkenburg.com\/de\/#website"},"datePublished":"2024-11-18T12:35:38+00:00","dateModified":"2025-02-27T11:08:30+00:00","breadcrumb":{"@id":"https:\/\/monrevevalkenburg.com\/de\/blog\/#breadcrumb"},"inLanguage":"de","potentialAction":[{"@type":"ReadAction","target":["https:\/\/monrevevalkenburg.com\/de\/blog\/"]}]},{"@type":"BreadcrumbList","@id":"https:\/\/monrevevalkenburg.com\/de\/blog\/#breadcrumb","itemListElement":[{"@type":"ListItem","position":1,"name":"Home","item":"https:\/\/monrevevalkenburg.com\/de\/"},{"@type":"ListItem","position":2,"name":"Blog"}]},{"@type":"WebSite","@id":"https:\/\/monrevevalkenburg.com\/de\/#website","url":"https:\/\/monrevevalkenburg.com\/de\/","name":"Mon R\u00eave Valkenburg","description":"","publisher":{"@id":"https:\/\/monrevevalkenburg.com\/de\/#organization"},"potentialAction":[{"@type":"SearchAction","target":{"@type":"EntryPoint","urlTemplate":"https:\/\/monrevevalkenburg.com\/de\/?s={search_term_string}"},"query-input":{"@type":"PropertyValueSpecification","valueRequired":true,"valueName":"search_term_string"}}],"inLanguage":"de"},{"@type":"Organization","@id":"https:\/\/monrevevalkenburg.com\/de\/#organization","name":"Mon R\u00eave","url":"https:\/\/monrevevalkenburg.com\/de\/","logo":{"@type":"ImageObject","inLanguage":"de","@id":"https:\/\/monrevevalkenburg.com\/de\/#\/schema\/logo\/image\/","url":"https:\/\/monrevevalkenburg.com\/wp-content\/uploads\/2024\/09\/placeholder-logo.png","contentUrl":"https:\/\/monrevevalkenburg.com\/wp-content\/uploads\/2024\/09\/placeholder-logo.png","width":794,"height":794,"caption":"Mon R\u00eave"},"image":{"@id":"https:\/\/monrevevalkenburg.com\/de\/#\/schema\/logo\/image\/"}}]}},"_links":{"self":[{"href":"https:\/\/monrevevalkenburg.com\/de\/wp-json\/wp\/v2\/pages\/1222","targetHints":{"allow":["GET"]}}],"collection":[{"href":"https:\/\/monrevevalkenburg.com\/de\/wp-json\/wp\/v2\/pages"}],"about":[{"href":"https:\/\/monrevevalkenburg.com\/de\/wp-json\/wp\/v2\/types\/page"}],"author":[{"embeddable":true,"href":"https:\/\/monrevevalkenburg.com\/de\/wp-json\/wp\/v2\/users\/1"}],"replies":[{"embeddable":true,"href":"https:\/\/monrevevalkenburg.com\/de\/wp-json\/wp\/v2\/comments?post=1222"}],"version-history":[{"count":6,"href":"https:\/\/monrevevalkenburg.com\/de\/wp-json\/wp\/v2\/pages\/1222\/revisions"}],"predecessor-version":[{"id":2055,"href":"https:\/\/monrevevalkenburg.com\/de\/wp-json\/wp\/v2\/pages\/1222\/revisions\/2055"}],"wp:attachment":[{"href":"https:\/\/monrevevalkenburg.com\/de\/wp-json\/wp\/v2\/media?parent=1222"}],"curies":[{"name":"wp","href":"https:\/\/api.w.org\/{rel}","templated":true}]}}