{"id":864,"date":"2024-09-25T11:36:54","date_gmt":"2024-09-25T09:36:54","guid":{"rendered":"https:\/\/monrevevalkenburg.com\/geschichte\/"},"modified":"2025-08-28T13:41:32","modified_gmt":"2025-08-28T11:41:32","slug":"geschichte","status":"publish","type":"page","link":"https:\/\/monrevevalkenburg.com\/de\/geschichte\/","title":{"rendered":"Geschichte"},"content":{"rendered":"\r\n    <section id=\"hero-other\" class=\"eye-block other-hero alignfull\">\r\n        <div class=\"hero-other-main-text\">\r\n            <div class=\"acf-innerblocks-container\">\n\n<h1 class=\"wp-block-heading\" id=\"ontdek-de-historie-van-kasteel-oost\">Entdecken Sie die <em>Geschichte<\/em> von Kasteel Oost<\/h1>\n\n\n\n<div class=\"ghostkit-grid ghostkit-grid-gap-md\"><div class=\"ghostkit-grid-inner\">\n<div class=\"ghostkit-col ghostkit-col-md-12 ghostkit-col-7\"><div class=\"ghostkit-col-content is-layout-flow wp-block-ghostkit-grid-column-is-layout-flow\">\n<p>Entdecken Sie die reiche Geschichte von Kasteel Oost, einem jahrhundertealten Anwesen, das als Koonings The Wedding Castle wiederbelebt wurde.<\/p>\n<\/div><\/div>\n\n\n\n<div class=\"ghostkit-col ghostkit-col-md-12 ghostkit-col-5 is-layout-flow wp-block-ghostkit-grid-column-is-layout-flow\"><div class=\"ghostkit-col-content\"><\/div><\/div>\n<\/div><\/div>\n\n<\/div>\r\n        <\/div>\r\n                    <div class=\"overlay\"><\/div>\r\n            <img decoding=\"async\" src=\"https:\/\/monrevevalkenburg.com\/wp-content\/uploads\/2024\/10\/kasteel-oost-bw.webp\">\r\n            <\/section>\r\n\n\n\r\n<div class=\"eye-block empty-space empty-space--large pt-md-5 pb-md-5 pt-4 pb-4\" ><\/div>\n\n\r\n    <div class=\"eye-element fullwidth-row alignfull  style-left  alignfull\"\r\n         style=\"\">\r\n        \r\n\r\n        <div class=\"container\">\r\n            <div class=\"row\">\r\n                <div class=\"col-12\">\r\n                    <div class=\"acf-innerblocks-container\">\n\n<div class=\"ghostkit-grid ghostkit-grid-gap-lg ghostkit-grid-align-items-center\"><div class=\"ghostkit-grid-inner\">\n<div class=\"ghostkit-col ghostkit-col-md-12 ghostkit-col-7\"><div class=\"ghostkit-col-content is-layout-flow wp-block-ghostkit-grid-column-is-layout-flow\">\n<p class=\"me-2\">Mit ihrem ersten Gesch\u00e4ft Koonings The Wedding Palace in Deurne erf\u00fcllte sich Ramona nicht nur ihren eigenen Traum von einem palastartigen Brautmodengesch\u00e4ft, sondern erf\u00fcllt seitdem jedes Jahr die Tr\u00e4ume von Tausenden von Br\u00e4uten. Der Wunsch nach einem eigenen echten Schloss hat sie jedoch nie verlassen. Im Jahr 2023 erf\u00fcllte sie sich diesen Traum mit Kasteel Oost: Koonings The Wedding Castle.<\/p>\n\n\n\n<p>M\u00f6chten Sie mehr \u00fcber Ramona und Koonings erfahren? Sehen Sie sich die Dokumentation hier an <\/p>\n\n\n    <div class=\"bsbutton text-start \" >\r\n                    <a class=\"btn btn-gold\" href=\"https:\/\/www.koonings.com\/op-tv\/documentaire-koonings\/\" target=\"\">Dokumentarfilm ansehen<\/a>\r\n            <\/div>\r\n<\/div><\/div>\n\n\n\n<div class=\"ghostkit-col ghostkit-col-md-12 ghostkit-col-5\"><div class=\"ghostkit-col-content is-layout-flow wp-block-ghostkit-grid-column-is-layout-flow\">\n<figure data-rotate=\"10\" class=\"wp-block-image size-large\"><img decoding=\"async\" src=\"https:\/\/monrevevalkenburg.com\/wp-content\/uploads\/2024\/10\/kasteel-oost-bw-2-1024x639.jpg\" alt=\"\" class=\"wp-image-492\"\/><\/figure>\n<\/div><\/div>\n<\/div><\/div>\n\n<\/div>\r\n                <\/div>\r\n            <\/div>\r\n        <\/div>\r\n\r\n    <\/div>\r\n\n\n\r\n<div class=\"eye-block empty-space empty-space--large pt-md-5 pb-md-5 pt-4 pb-4\" ><\/div>\n\n\r\n<div class=\"eye-element fullwidth-row alignfull style-both bg--none  alignfull\"\r\n     style=\"\">\r\n    \r\n\r\n        <div class=\"container\">\r\n            <div class=\"row\">\r\n                <div class=\"col-12\">\r\n                    <div class=\"acf-innerblocks-container\">\n<div class=\"eye-element lead\">\r\n    <div class=\"acf-innerblocks-container\">\n\n<p><em>Kasteel Oost:<\/em> ein Ort voller Geschichte<\/p>\n\n<\/div>\r\n<\/div>\n\n\r\n<div class=\"eye-block empty-space empty-space--small pt-md-3 pb-md-3 pt-2 pb-2\" ><\/div>\n\n\n<p>Das offizielle Baujahr von Kasteel Oost geht auf das Jahr 1836 zur\u00fcck. Aber seine bewegte Geschichte reicht bis ins Jahr 1563 zur\u00fcck. Damals wurde das Schloss als Landgut erstmals im Zusammenhang mit geplanten Renovierungs- und Umbauarbeiten urkundlich erw\u00e4hnt. Beim ersten dokumentierten Verkauf im Jahr 1587 wurde es erstmals als Kasteel Oost bezeichnet &#8211; der Name, den es noch heute tr\u00e4gt.<\/p>\n\n\n\n<p>Schloss Ost blickt auf eine jahrhundertelange, bewegte Geschichte zur\u00fcck. Ein pr\u00e4chtiges Geb\u00e4ude, das stets im Besitz reicher Adelsfamilien war und in dem hochrangige Pers\u00f6nlichkeiten ein- und ausgingen. In seiner Bl\u00fctezeit im Jahr 1626 war Kasteel Oost ein Ort, an dem tagelang pr\u00e4chtige Feste stattfanden und sich die High Society traf. Im Laufe der Jahrhunderte hat das Schloss eine bewegte Geschichte von Erbschaften und verschiedenen Besitz\u00fcbertragungen erlebt, die immer innerhalb des Hochadels stattfanden. Eines hatten sie jedoch alle gemeinsam: die Verbundenheit und Liebe zu Schloss Oost und seinen L\u00e4ndereien.    <\/p>\n\n<\/div>\r\n                <\/div>\r\n            <\/div>\r\n        <\/div>\r\n\r\n    <\/div>\r\n\n\n\r\n<div class=\"eye-block empty-space empty-space--large pt-md-5 pb-md-5 pt-4 pb-4\" ><\/div>\n\n\r\n    <div class=\"eye-element fullwidth-row alignfull bg--darkblue style-left  alignfull\"\r\n         style=\"\">\r\n        \r\n\r\n        <div class=\"container\">\r\n            <div class=\"row\">\r\n                <div class=\"col-12\">\r\n                    <div class=\"acf-innerblocks-container\">\n\r\n<div class=\"eye-block empty-space empty-space--small pt-md-3 pb-md-3 pt-2 pb-2\" ><\/div>\n\n\n<div class=\"ghostkit-grid ghostkit-grid-gap-lg ghostkit-grid-align-items-center\"><div class=\"ghostkit-grid-inner\">\n<div class=\"ghostkit-col ghostkit-col-md-12 ghostkit-col-7\"><div class=\"ghostkit-col-content is-layout-flow wp-block-ghostkit-grid-column-is-layout-flow\">\n<h2 class=\"wp-block-heading\" id=\"verbouwing-van-het-pand\">Wiederaufbau der Immobilie<\/h2>\n\n\n\r\n<div class=\"eye-block empty-space empty-space--small pt-md-3 pb-md-3 pt-2 pb-2\" ><\/div>\n\n\n<p>Besonderen Einfluss hatte ab 1830 der belgische Eigent\u00fcmer und Jonkheer de Pit\u00e9, dessen bauliche Ma\u00dfnahmen die heutige Architektur von Kasteel Oost ma\u00dfgeblich beeinflussten. Unter anderem lie\u00df er den Westfl\u00fcgel auf seine heutige Gr\u00f6\u00dfe erweitern, gab den Au\u00dfenmauern ihre heutige ockergelbe Farbe und lie\u00df das Wappen in den Giebel des vorderen Daches integrieren, das noch heute den Eingang ziert. Damit verlieh er dem Schloss seinen neoklassizistischen Stil, der bis heute erhalten geblieben ist.<\/p>\n<\/div><\/div>\n\n\n\n<div class=\"ghostkit-col ghostkit-col-md-12 ghostkit-col-5\"><div class=\"ghostkit-col-content is-layout-flow wp-block-ghostkit-grid-column-is-layout-flow\">\n<figure class=\"wp-block-image size-full\"><img decoding=\"async\" width=\"445\" height=\"450\" src=\"https:\/\/monrevevalkenburg.com\/wp-content\/uploads\/2024\/10\/nott002kast01ill0006.gif\" alt=\"\" class=\"wp-image-504\"\/><\/figure>\n<\/div><\/div>\n<\/div><\/div>\n\n\n\r\n<div class=\"eye-block empty-space empty-space--small pt-md-3 pb-md-3 pt-2 pb-2\" ><\/div>\n<\/div>\r\n                <\/div>\r\n            <\/div>\r\n        <\/div>\r\n\r\n    <\/div>\r\n\n\n\r\n<div class=\"eye-block empty-space empty-space--large pt-md-5 pb-md-5 pt-4 pb-4\" ><\/div>\n\n\r\n<div class=\"eye-element fullwidth-row alignfull style-both bg--none  alignfull\"\r\n     style=\"\">\r\n    \r\n\r\n        <div class=\"container\">\r\n            <div class=\"row\">\r\n                <div class=\"col-12\">\r\n                    <div class=\"acf-innerblocks-container\">\n\n<div class=\"ghostkit-grid ghostkit-grid-gap-md ghostkit-grid-align-items-center\"><div class=\"ghostkit-grid-inner\">\n<div class=\"ghostkit-col ghostkit-col-md-12 ghostkit-col-5\"><div class=\"ghostkit-col-content is-layout-flow wp-block-ghostkit-grid-column-is-layout-flow\">\n<figure data-rotate=\"-10\" class=\"wp-block-image size-full\"><img decoding=\"async\" width=\"1024\" height=\"996\" src=\"https:\/\/monrevevalkenburg.com\/wp-content\/uploads\/2024\/10\/kasteel-oost-bw-3.jpg\" alt=\"\" class=\"wp-image-498\" srcset=\"https:\/\/monrevevalkenburg.com\/wp-content\/uploads\/2024\/10\/kasteel-oost-bw-3.jpg 1024w, https:\/\/monrevevalkenburg.com\/wp-content\/uploads\/2024\/10\/kasteel-oost-bw-3-300x292.jpg 300w, https:\/\/monrevevalkenburg.com\/wp-content\/uploads\/2024\/10\/kasteel-oost-bw-3-768x747.jpg 768w\" sizes=\"(max-width: 1024px) 100vw, 1024px\" \/><\/figure>\n<\/div><\/div>\n\n\n\n<div class=\"ghostkit-col ghostkit-col-md-12 ghostkit-col-7\"><div class=\"ghostkit-col-content is-layout-flow wp-block-ghostkit-grid-column-is-layout-flow\">\n<h2 class=\"wp-block-heading\" id=\"de-draai\">Die Wendung<\/h2>\n\n\n\r\n<div class=\"eye-block empty-space empty-space--small pt-md-3 pb-md-3 pt-2 pb-2\" ><\/div>\n\n\n<p>Ohne es zu wissen, war er bereits einer der letzten privaten und aristokratischen Besitzer des Anwesens. Wie die Namen vermuten lassen, heirateten De Pit\u00e9s Tochter Alide, die sp\u00e4tere Baronin von Schrader, und ihre Tochter Helene, die sp\u00e4tere Wolff Metternich, beide M\u00e4nner deutscher Abstammung. Angesichts der damaligen historischen Entwicklungen war dies f\u00fcr die Niederlande zu Beginn des Zweiten Weltkriegs Grund genug, das Anwesen als Feindeigentum zu konfiszieren und es fortan als Staatseigentum zu verwerten.    <\/p>\n\n\n\n<p>Obwohl in den fr\u00fchen 1940er Jahren erste Ideen aufkamen, das Anwesen in ein Casino mit Hotel und Teegarten umzuwandeln, konnten sie aufgrund der deutschen Besatzung nicht umgesetzt werden.<\/p>\n<\/div><\/div>\n<\/div><\/div>\n\n<\/div>\r\n                <\/div>\r\n            <\/div>\r\n        <\/div>\r\n\r\n    <\/div>\r\n\n\n\r\n<div class=\"eye-block empty-space empty-space--large pt-md-5 pb-md-5 pt-4 pb-4\" ><\/div>\n\n\r\n<div class=\"eye-element fullwidth-row alignfull style-both bg--none  alignfull\"\r\n     style=\"\">\r\n    \r\n\r\n        <div class=\"container\">\r\n            <div class=\"row\">\r\n                <div class=\"col-12\">\r\n                    <div class=\"acf-innerblocks-container\">\n\n<div class=\"ghostkit-grid ghostkit-grid-gap-md ghostkit-grid-align-items-center\"><div class=\"ghostkit-grid-inner\">\n<div class=\"ghostkit-col ghostkit-col-md-12 ghostkit-col-7\"><div class=\"ghostkit-col-content is-layout-flow wp-block-ghostkit-grid-column-is-layout-flow\">\n<h2 class=\"wp-block-heading\" id=\"nieuwe-gebruik\">Neue Verwendung<\/h2>\n\n\n\r\n<div class=\"eye-block empty-space empty-space--small pt-md-3 pb-md-3 pt-2 pb-2\" ><\/div>\n\n\n<p>Nach dem Ende des Krieges, ab 1946, wurde Kasteel Oost von der damaligen Landwirtschaftsschule Valkenburg einer neuen Bestimmung zugef\u00fchrt, die ihrerseits auch einen starken Einfluss auf die Gestaltung und Nutzung des Anwesens hatte. Umfangreiche Renovierungs- und Elektroarbeiten, die r\u00e4umliche Neugestaltung der obersten Etage des Hauptgeb\u00e4udes und der Bau von Wohnungen im Westfl\u00fcgel wurden 1957 durchgef\u00fchrt, was zu einer v\u00f6lligen Ver\u00e4nderung der Nutzung des Schlosses f\u00fchrte. \u00dcber 422 Bauern wurden etwa 25 Jahre lang unterrichtet, bevor die Schule aufgrund wirtschaftlicher Umstrukturierungsma\u00dfnahmen geschlossen wurde. Es folgten viele Jahre, in denen das Schloss umfangreichen Restaurierungsarbeiten unterzogen wurde, aber ungenutzt leer stand.   <\/p>\n\n\n\r\n<div class=\"eye-block empty-space empty-space--medium pt-md-4 pb-md-4 pt-3 pb-3\" ><\/div><\/div><\/div>\n\n\n\n<div class=\"ghostkit-col ghostkit-col-md-12 ghostkit-col-5\"><div class=\"ghostkit-col-content is-layout-flow wp-block-ghostkit-grid-column-is-layout-flow\">\n<figure data-rotate=\"10\" class=\"wp-block-image size-large\"><img decoding=\"async\" width=\"768\" height=\"1024\" src=\"https:\/\/monrevevalkenburg.com\/wp-content\/uploads\/2024\/11\/thumbnail_IMG_9798-768x1024.jpg\" alt=\"\" class=\"wp-image-1691\" srcset=\"https:\/\/monrevevalkenburg.com\/wp-content\/uploads\/2024\/11\/thumbnail_IMG_9798-768x1024.jpg 768w, https:\/\/monrevevalkenburg.com\/wp-content\/uploads\/2024\/11\/thumbnail_IMG_9798-225x300.jpg 225w, https:\/\/monrevevalkenburg.com\/wp-content\/uploads\/2024\/11\/thumbnail_IMG_9798-1152x1536.jpg 1152w, https:\/\/monrevevalkenburg.com\/wp-content\/uploads\/2024\/11\/thumbnail_IMG_9798.jpg 1440w\" sizes=\"(max-width: 768px) 100vw, 768px\" \/><\/figure>\n<\/div><\/div>\n<\/div><\/div>\n\n\n\n<p>Ab 1978 erlebte das Schloss im unteren Stockwerk eine neue Wiederbelebung durch die Gemeinde Valkenburg selbst, als sie beschloss, hier einen &#8218;romantischen Hochzeitspalast&#8216; zu bauen, in dem das erste Paar am 26. August 1978 das Eheversprechen ablegte. Ein Palast, dem Dutzende von anderen folgen sollten und in Zukunft nach Koonings The Wedding Castle zur\u00fcckkehren wird. <\/p>\n\n<\/div>\r\n                <\/div>\r\n            <\/div>\r\n        <\/div>\r\n\r\n    <\/div>\r\n\n\n\r\n<div class=\"eye-block empty-space empty-space--large pt-md-5 pb-md-5 pt-4 pb-4\" ><\/div>\n\n\r\n<div class=\"eye-element fullwidth-row alignfull style-both bg--none  alignfull\"\r\n     style=\"\">\r\n    \r\n\r\n        <div class=\"container\">\r\n            <div class=\"row\">\r\n                <div class=\"col-12\">\r\n                    <div class=\"acf-innerblocks-container\">\n<div class=\"eye-element lead\">\r\n    <div class=\"acf-innerblocks-container\">\n\n<p><strong><em>M\u00e4rchen<\/em> schreiben<\/strong><\/p>\n\n<\/div>\r\n<\/div>\n\n\r\n<div class=\"eye-block empty-space empty-space--small pt-md-3 pb-md-3 pt-2 pb-2\" ><\/div>\n\n\n<p>Denn im Jahr 2023 erh\u00e4lt Ramona Koonings, Eigent\u00fcmerin von Koonings The Wedding Palace, die Chance, an der Ausschreibung f\u00fcr den Verkauf von Kasteel Oost teilzunehmen und endlich ihren lang gehegten Traum zu verwirklichen und ein Hochzeitsschloss zu er\u00f6ffnen. Mit einem umfassenden und liebevoll entwickelten Gesamtkonzept f\u00fcr dieses einzigartige Anwesen gewinnt sie die Ausschreibung und wird 2024 Eigent\u00fcmerin von Kasteel Oost. Damit ist der Grundstein f\u00fcr Koonings The Wedding Castle gelegt.  <\/p>\n\n\n\n<p><br>Ein Ort, der weit \u00fcber die Suche nach einem Hochzeitskleid hinausgeht. Das Anwesen mit einer Gesamtfl\u00e4che von \u00fcber 35.000 m\u00b2 wird ein zweites Brautmodengesch\u00e4ft, eine Herren- und Kindermodeboutique f\u00fcr festliche Abendgarderobe, zwei Restaurants, ein Hotel und einen Hochzeitssaal beherbergen. Au\u00dferdem wird das Ensemble um eine Orangerie und einen Ballsaal erweitert, so dass Koonings The Wedding Castle in Zukunft auch als Veranstaltungsort f\u00fcr Hochzeiten und andere rauschende Feste zur Verf\u00fcgung stehen wird.  <\/p>\n\n<\/div>\r\n                <\/div>\r\n            <\/div>\r\n        <\/div>\r\n\r\n    <\/div>\r\n\n\n\r\n<div class=\"eye-block empty-space empty-space--large pt-md-5 pb-md-5 pt-4 pb-4\" ><\/div>\n\n\n<div class=\"ghostkit-grid ghostkit-grid-gap-no ghostkit-grid-justify-content-center\"><div class=\"ghostkit-grid-inner\">\n<div class=\"ghostkit-col ghostkit-col-12\"><div class=\"ghostkit-col-content is-layout-flow wp-block-ghostkit-grid-column-is-layout-flow\">\n<figure class=\"wp-block-image size-full\"><img decoding=\"async\" width=\"1440\" height=\"2560\" src=\"https:\/\/monrevevalkenburg.com\/wp-content\/uploads\/2024\/11\/thumbnail_IMG_2224-scaled.jpg\" alt=\"\" class=\"wp-image-1687\" srcset=\"https:\/\/monrevevalkenburg.com\/wp-content\/uploads\/2024\/11\/thumbnail_IMG_2224-scaled.jpg 1440w, https:\/\/monrevevalkenburg.com\/wp-content\/uploads\/2024\/11\/thumbnail_IMG_2224-169x300.jpg 169w, https:\/\/monrevevalkenburg.com\/wp-content\/uploads\/2024\/11\/thumbnail_IMG_2224-576x1024.jpg 576w, https:\/\/monrevevalkenburg.com\/wp-content\/uploads\/2024\/11\/thumbnail_IMG_2224-768x1365.jpg 768w, https:\/\/monrevevalkenburg.com\/wp-content\/uploads\/2024\/11\/thumbnail_IMG_2224-864x1536.jpg 864w, https:\/\/monrevevalkenburg.com\/wp-content\/uploads\/2024\/11\/thumbnail_IMG_2224-1152x2048.jpg 1152w\" sizes=\"(max-width: 1440px) 100vw, 1440px\" \/><\/figure>\n<\/div><\/div>\n<\/div><\/div>\n\n\n\r\n<div class=\"eye-block empty-space empty-space--large pt-md-5 pb-md-5 pt-4 pb-4\" ><\/div>","protected":false},"excerpt":{"rendered":"","protected":false},"author":1,"featured_media":0,"parent":0,"menu_order":0,"comment_status":"closed","ping_status":"closed","template":"","meta":{"_acf_changed":false,"ghostkit_customizer_options":"","ghostkit_custom_css":"","ghostkit_custom_js_head":"","ghostkit_custom_js_foot":"","ghostkit_typography":"","footnotes":""},"class_list":["post-864","page","type-page","status-publish","hentry"],"acf":[],"yoast_head":"<!-- This site is optimized with the Yoast SEO plugin v27.3 - https:\/\/yoast.com\/product\/yoast-seo-wordpress\/ -->\n<title>Geschichte - Mon R\u00eave<\/title>\n<meta name=\"robots\" content=\"index, follow, max-snippet:-1, max-image-preview:large, max-video-preview:-1\" \/>\n<link rel=\"canonical\" href=\"https:\/\/monrevevalkenburg.com\/de\/geschichte\/\" \/>\n<meta property=\"og:locale\" content=\"de_DE\" \/>\n<meta property=\"og:type\" content=\"article\" \/>\n<meta property=\"og:title\" content=\"Geschichte - Mon R\u00eave\" \/>\n<meta property=\"og:url\" content=\"https:\/\/monrevevalkenburg.com\/de\/geschichte\/\" \/>\n<meta property=\"og:site_name\" content=\"Mon R\u00eave\" \/>\n<meta property=\"article:modified_time\" content=\"2025-08-28T11:41:32+00:00\" \/>\n<meta property=\"og:image\" content=\"https:\/\/monrevevalkenburg.com\/wp-content\/uploads\/2024\/10\/kasteel-oost-bw-2-1024x639.jpg\" \/>\n<meta name=\"twitter:card\" content=\"summary_large_image\" \/>\n<meta name=\"twitter:label1\" content=\"Gesch\u00e4tzte Lesezeit\" \/>\n\t<meta name=\"twitter:data1\" content=\"5\u00a0Minuten\" \/>\n<script type=\"application\/ld+json\" class=\"yoast-schema-graph\">{\"@context\":\"https:\\\/\\\/schema.org\",\"@graph\":[{\"@type\":\"WebPage\",\"@id\":\"https:\\\/\\\/monrevevalkenburg.com\\\/de\\\/geschichte\\\/\",\"url\":\"https:\\\/\\\/monrevevalkenburg.com\\\/de\\\/geschichte\\\/\",\"name\":\"Geschichte - Mon R\u00eave\",\"isPartOf\":{\"@id\":\"https:\\\/\\\/monrevevalkenburg.com\\\/de\\\/#website\"},\"primaryImageOfPage\":{\"@id\":\"https:\\\/\\\/monrevevalkenburg.com\\\/de\\\/geschichte\\\/#primaryimage\"},\"image\":{\"@id\":\"https:\\\/\\\/monrevevalkenburg.com\\\/de\\\/geschichte\\\/#primaryimage\"},\"thumbnailUrl\":\"https:\\\/\\\/monrevevalkenburg.com\\\/wp-content\\\/uploads\\\/2024\\\/10\\\/kasteel-oost-bw-2-1024x639.jpg\",\"datePublished\":\"2024-09-25T09:36:54+00:00\",\"dateModified\":\"2025-08-28T11:41:32+00:00\",\"breadcrumb\":{\"@id\":\"https:\\\/\\\/monrevevalkenburg.com\\\/de\\\/geschichte\\\/#breadcrumb\"},\"inLanguage\":\"de\",\"potentialAction\":[{\"@type\":\"ReadAction\",\"target\":[\"https:\\\/\\\/monrevevalkenburg.com\\\/de\\\/geschichte\\\/\"]}]},{\"@type\":\"ImageObject\",\"inLanguage\":\"de\",\"@id\":\"https:\\\/\\\/monrevevalkenburg.com\\\/de\\\/geschichte\\\/#primaryimage\",\"url\":\"https:\\\/\\\/monrevevalkenburg.com\\\/wp-content\\\/uploads\\\/2024\\\/10\\\/kasteel-oost-bw-2-1024x639.jpg\",\"contentUrl\":\"https:\\\/\\\/monrevevalkenburg.com\\\/wp-content\\\/uploads\\\/2024\\\/10\\\/kasteel-oost-bw-2-1024x639.jpg\"},{\"@type\":\"BreadcrumbList\",\"@id\":\"https:\\\/\\\/monrevevalkenburg.com\\\/de\\\/geschichte\\\/#breadcrumb\",\"itemListElement\":[{\"@type\":\"ListItem\",\"position\":1,\"name\":\"Home\",\"item\":\"https:\\\/\\\/monrevevalkenburg.com\\\/de\\\/\"},{\"@type\":\"ListItem\",\"position\":2,\"name\":\"Geschichte\"}]},{\"@type\":\"WebSite\",\"@id\":\"https:\\\/\\\/monrevevalkenburg.com\\\/de\\\/#website\",\"url\":\"https:\\\/\\\/monrevevalkenburg.com\\\/de\\\/\",\"name\":\"Mon R\u00eave Valkenburg\",\"description\":\"\",\"publisher\":{\"@id\":\"https:\\\/\\\/monrevevalkenburg.com\\\/de\\\/#organization\"},\"potentialAction\":[{\"@type\":\"SearchAction\",\"target\":{\"@type\":\"EntryPoint\",\"urlTemplate\":\"https:\\\/\\\/monrevevalkenburg.com\\\/de\\\/?s={search_term_string}\"},\"query-input\":{\"@type\":\"PropertyValueSpecification\",\"valueRequired\":true,\"valueName\":\"search_term_string\"}}],\"inLanguage\":\"de\"},{\"@type\":\"Organization\",\"@id\":\"https:\\\/\\\/monrevevalkenburg.com\\\/de\\\/#organization\",\"name\":\"Mon R\u00eave\",\"url\":\"https:\\\/\\\/monrevevalkenburg.com\\\/de\\\/\",\"logo\":{\"@type\":\"ImageObject\",\"inLanguage\":\"de\",\"@id\":\"https:\\\/\\\/monrevevalkenburg.com\\\/de\\\/#\\\/schema\\\/logo\\\/image\\\/\",\"url\":\"https:\\\/\\\/monrevevalkenburg.com\\\/wp-content\\\/uploads\\\/2024\\\/09\\\/placeholder-logo.png\",\"contentUrl\":\"https:\\\/\\\/monrevevalkenburg.com\\\/wp-content\\\/uploads\\\/2024\\\/09\\\/placeholder-logo.png\",\"width\":794,\"height\":794,\"caption\":\"Mon R\u00eave\"},\"image\":{\"@id\":\"https:\\\/\\\/monrevevalkenburg.com\\\/de\\\/#\\\/schema\\\/logo\\\/image\\\/\"}}]}<\/script>\n<!-- \/ Yoast SEO plugin. -->","yoast_head_json":{"title":"Geschichte - Mon R\u00eave","robots":{"index":"index","follow":"follow","max-snippet":"max-snippet:-1","max-image-preview":"max-image-preview:large","max-video-preview":"max-video-preview:-1"},"canonical":"https:\/\/monrevevalkenburg.com\/de\/geschichte\/","og_locale":"de_DE","og_type":"article","og_title":"Geschichte - Mon R\u00eave","og_url":"https:\/\/monrevevalkenburg.com\/de\/geschichte\/","og_site_name":"Mon R\u00eave","article_modified_time":"2025-08-28T11:41:32+00:00","og_image":[{"url":"https:\/\/monrevevalkenburg.com\/wp-content\/uploads\/2024\/10\/kasteel-oost-bw-2-1024x639.jpg","type":"","width":"","height":""}],"twitter_card":"summary_large_image","twitter_misc":{"Gesch\u00e4tzte Lesezeit":"5\u00a0Minuten"},"schema":{"@context":"https:\/\/schema.org","@graph":[{"@type":"WebPage","@id":"https:\/\/monrevevalkenburg.com\/de\/geschichte\/","url":"https:\/\/monrevevalkenburg.com\/de\/geschichte\/","name":"Geschichte - Mon R\u00eave","isPartOf":{"@id":"https:\/\/monrevevalkenburg.com\/de\/#website"},"primaryImageOfPage":{"@id":"https:\/\/monrevevalkenburg.com\/de\/geschichte\/#primaryimage"},"image":{"@id":"https:\/\/monrevevalkenburg.com\/de\/geschichte\/#primaryimage"},"thumbnailUrl":"https:\/\/monrevevalkenburg.com\/wp-content\/uploads\/2024\/10\/kasteel-oost-bw-2-1024x639.jpg","datePublished":"2024-09-25T09:36:54+00:00","dateModified":"2025-08-28T11:41:32+00:00","breadcrumb":{"@id":"https:\/\/monrevevalkenburg.com\/de\/geschichte\/#breadcrumb"},"inLanguage":"de","potentialAction":[{"@type":"ReadAction","target":["https:\/\/monrevevalkenburg.com\/de\/geschichte\/"]}]},{"@type":"ImageObject","inLanguage":"de","@id":"https:\/\/monrevevalkenburg.com\/de\/geschichte\/#primaryimage","url":"https:\/\/monrevevalkenburg.com\/wp-content\/uploads\/2024\/10\/kasteel-oost-bw-2-1024x639.jpg","contentUrl":"https:\/\/monrevevalkenburg.com\/wp-content\/uploads\/2024\/10\/kasteel-oost-bw-2-1024x639.jpg"},{"@type":"BreadcrumbList","@id":"https:\/\/monrevevalkenburg.com\/de\/geschichte\/#breadcrumb","itemListElement":[{"@type":"ListItem","position":1,"name":"Home","item":"https:\/\/monrevevalkenburg.com\/de\/"},{"@type":"ListItem","position":2,"name":"Geschichte"}]},{"@type":"WebSite","@id":"https:\/\/monrevevalkenburg.com\/de\/#website","url":"https:\/\/monrevevalkenburg.com\/de\/","name":"Mon R\u00eave Valkenburg","description":"","publisher":{"@id":"https:\/\/monrevevalkenburg.com\/de\/#organization"},"potentialAction":[{"@type":"SearchAction","target":{"@type":"EntryPoint","urlTemplate":"https:\/\/monrevevalkenburg.com\/de\/?s={search_term_string}"},"query-input":{"@type":"PropertyValueSpecification","valueRequired":true,"valueName":"search_term_string"}}],"inLanguage":"de"},{"@type":"Organization","@id":"https:\/\/monrevevalkenburg.com\/de\/#organization","name":"Mon R\u00eave","url":"https:\/\/monrevevalkenburg.com\/de\/","logo":{"@type":"ImageObject","inLanguage":"de","@id":"https:\/\/monrevevalkenburg.com\/de\/#\/schema\/logo\/image\/","url":"https:\/\/monrevevalkenburg.com\/wp-content\/uploads\/2024\/09\/placeholder-logo.png","contentUrl":"https:\/\/monrevevalkenburg.com\/wp-content\/uploads\/2024\/09\/placeholder-logo.png","width":794,"height":794,"caption":"Mon R\u00eave"},"image":{"@id":"https:\/\/monrevevalkenburg.com\/de\/#\/schema\/logo\/image\/"}}]}},"_links":{"self":[{"href":"https:\/\/monrevevalkenburg.com\/de\/wp-json\/wp\/v2\/pages\/864","targetHints":{"allow":["GET"]}}],"collection":[{"href":"https:\/\/monrevevalkenburg.com\/de\/wp-json\/wp\/v2\/pages"}],"about":[{"href":"https:\/\/monrevevalkenburg.com\/de\/wp-json\/wp\/v2\/types\/page"}],"author":[{"embeddable":true,"href":"https:\/\/monrevevalkenburg.com\/de\/wp-json\/wp\/v2\/users\/1"}],"replies":[{"embeddable":true,"href":"https:\/\/monrevevalkenburg.com\/de\/wp-json\/wp\/v2\/comments?post=864"}],"version-history":[{"count":6,"href":"https:\/\/monrevevalkenburg.com\/de\/wp-json\/wp\/v2\/pages\/864\/revisions"}],"predecessor-version":[{"id":2514,"href":"https:\/\/monrevevalkenburg.com\/de\/wp-json\/wp\/v2\/pages\/864\/revisions\/2514"}],"wp:attachment":[{"href":"https:\/\/monrevevalkenburg.com\/de\/wp-json\/wp\/v2\/media?parent=864"}],"curies":[{"name":"wp","href":"https:\/\/api.w.org\/{rel}","templated":true}]}}