{"id":871,"date":"2024-09-25T11:37:21","date_gmt":"2024-09-25T09:37:21","guid":{"rendered":"https:\/\/monrevevalkenburg.com\/ueber-uns\/"},"modified":"2026-03-23T09:16:49","modified_gmt":"2026-03-23T08:16:49","slug":"ueber-uns","status":"publish","type":"page","link":"https:\/\/monrevevalkenburg.com\/de\/ueber-uns\/","title":{"rendered":"\u00dcber uns"},"content":{"rendered":"\r\n    <section id=\"hero-other\" class=\"eye-block other-hero alignfull\">\r\n        <div class=\"hero-other-main-text\">\r\n            <div class=\"acf-innerblocks-container\">\n\n<h1 class=\"wp-block-heading\" id=\"over-ons-de-passie-en-filosofie-van-mon-reve\">\u00dcber uns: Die <em>Leidenschaft<\/em> und <em>Philosophie<\/em> von Mon R\u00eave<\/h1>\n\n\n\r\n<div class=\"eye-block empty-space empty-space--small pt-md-3 pb-md-3 pt-2 pb-2\" ><\/div>\n\n\n<p>Bei Mon R\u00eave glauben wir, dass jedes Gericht eine Geschichte erz\u00e4hlt und einen Moment des reinen Genusses bietet.<\/p>\n\n<\/div>\r\n        <\/div>\r\n                    <div class=\"overlay\"><\/div>\r\n            <img decoding=\"async\" src=\"https:\/\/monrevevalkenburg.com\/wp-content\/uploads\/2024\/10\/rijksmonument_36828_kasteel_oost_valkenburg_0-scaled-e1720178932176.jpeg\">\r\n            <\/section>\r\n\r\n<div class=\"eye-block empty-space empty-space--large pt-md-5 pb-md-5 pt-4 pb-4\" ><\/div>\n<h2 class=\"wp-block-heading\" id=\"het-mon-reve-team\">Das Mon R\u00eave Team<\/h2>\n\r\n<div class=\"eye-block empty-space empty-space--small pt-md-3 pb-md-3 pt-2 pb-2\" ><\/div>\n<p>Bei Mon R\u00eave glauben wir, dass jedes Gericht eine Geschichte erz\u00e4hlt und einen Moment des reinen Genusses bieten kann. Unsere Mission ist einfach: Wir m\u00f6chten, dass sich jeder Gast willkommen und wie zu Hause f\u00fchlt und bieten ein kulinarisches Erlebnis, das sowohl inspirierend als auch zug\u00e4nglich ist. Wir wollen Gerichte kreieren, bei denen Handwerk und Kreativit\u00e4t Hand in Hand gehen, wobei wir uns auf lokale Zutaten und einen nachhaltigen Ansatz in unserer K\u00fcche konzentrieren.  <\/p>\n\n<p>Das Team von Mon R\u00eave besteht aus leidenschaftlichen K\u00f6chen und engagierten Mitarbeitern, die ihre Liebe zum Handwerk jeden Tag unter Beweis stellen. Unsere Chefk\u00f6che haben alle einen einzigartigen Hintergrund und Stil, aber sie haben ein gemeinsames Engagement f\u00fcr Qualit\u00e4t und Innovation. Unterst\u00fctzt werden sie von einem eingespielten K\u00fcchenteam und Mitarbeitern, die jeden Tag hart arbeiten, um sicherzustellen, dass jedes Detail stimmt. Gemeinsam bringen sie Erfahrung, Kreativit\u00e4t und Liebe zum Handwerk in jeden Teller, der unsere K\u00fcche verl\u00e4sst.   <\/p>\n\r\n<div class=\"eye-block empty-space empty-space--small pt-md-3 pb-md-3 pt-2 pb-2\" ><\/div>    <div class=\"bsbutton text-start \" >\r\n                    <a class=\"btn btn-gold\" href=\"#onze-chef-koks\" target=\"\">Lesen Sie hier die Geschichten unserer K\u00f6che  &gt;<\/a>\r\n            <\/div>\r\n\r\n<div class=\"eye-block empty-space empty-space--large pt-md-5 pb-md-5 pt-4 pb-4\" ><\/div>\r\n    <div class=\"eye-element fullwidth-row alignfull bg--darkblue style-left  alignfull\"\r\n         style=\"\">\r\n        \r\n\r\n        <div class=\"container\">\r\n            <div class=\"row\">\r\n                <div class=\"col-12\">\r\n                    <div class=\"acf-innerblocks-container\">\n\r\n<div class=\"eye-block empty-space empty-space--small pt-md-3 pb-md-3 pt-2 pb-2\" ><\/div>\n\n\n<div class=\"ghostkit-grid ghostkit-grid-gap-lg ghostkit-grid-align-items-center\"><div class=\"ghostkit-grid-inner\">\n<div class=\"ghostkit-col ghostkit-col-md-12 ghostkit-col-7\"><div class=\"ghostkit-col-content is-layout-flow wp-block-ghostkit-grid-column-is-layout-flow\">\n<h2 class=\"wp-block-heading\" id=\"eigenaresse-ramona-koonings\"><em>Eigent\u00fcmerin<\/em> Ramona Koonings<\/h2>\n\n\n\r\n<div class=\"eye-block empty-space empty-space--small pt-md-3 pb-md-3 pt-2 pb-2\" ><\/div>\n\n\n<p class=\"me-2\">Ramona Koonings ist eine in Brabant ans\u00e4ssige Brautkleiddesignerin, Unternehmerin, Fernsehpers\u00f6nlichkeit, Branchenf\u00fchrerin und ein echter Familienmensch. Als Ramona im Alter von 14 Jahren als Kaffeem\u00e4dchen im Brautmodengesch\u00e4ft von Mr. und Mrs. Koonings zu arbeiten begann, war schnell klar, dass sie vor Ehrgeiz strotzte. Sie f\u00fchlte sich von Natur aus zum Unternehmertum und zur Welt der Br\u00e4ute hingezogen. Als Herr und Frau Koonings beschlossen, das Gesch\u00e4ft zu verkaufen, vertrauten sie es nur einer Person an: der damals 17-j\u00e4hrigen Ramona. Gemeinsam mit ihrer Mutter Ineke ergriff sie die Gelegenheit mit beiden H\u00e4nden.<\/p>\n\n\n\n<p>Ramona hat mit der Er\u00f6ffnung von Koonings The Wedding Palace den ersten Schritt in ihrer Vision getan, Brautmode zu erneuern und zu inspirieren. <strong><a href=\"https:\/\/www.koonings.com\/\" target=\"_blank\" rel=\"noreferrer noopener\">Koonings Der Hochzeitspalast<\/a><\/strong>. Mit einer einzigartigen Kollektion von Kleidern und pers\u00f6nlicher Betreuung schuf sie hier einen Ort, an dem sich jede Braut besonders f\u00fchlt. Um ihren Traum zu verwirklichen, schuf sie <strong>Koonings The Wedding Castle<\/strong>. Der Ort, an dem sich auch ihr neues Restaurant Mon R\u00eave befindet.   <\/p>\n<\/div><\/div>\n\n\n\n<div class=\"ghostkit-col ghostkit-col-md-12 ghostkit-col-5\"><div class=\"ghostkit-col-content is-layout-flow wp-block-ghostkit-grid-column-is-layout-flow\">\n<figure data-rotate=\"10\" class=\"wp-block-image size-full\"><img decoding=\"async\" width=\"2560\" height=\"1707\" src=\"https:\/\/monrevevalkenburg.com\/wp-content\/uploads\/2024\/11\/IMG_3069-scaled.jpg\" alt=\"\" class=\"wp-image-1413\" srcset=\"https:\/\/monrevevalkenburg.com\/wp-content\/uploads\/2024\/11\/IMG_3069-scaled.jpg 2560w, https:\/\/monrevevalkenburg.com\/wp-content\/uploads\/2024\/11\/IMG_3069-300x200.jpg 300w, https:\/\/monrevevalkenburg.com\/wp-content\/uploads\/2024\/11\/IMG_3069-1024x683.jpg 1024w, https:\/\/monrevevalkenburg.com\/wp-content\/uploads\/2024\/11\/IMG_3069-768x512.jpg 768w, https:\/\/monrevevalkenburg.com\/wp-content\/uploads\/2024\/11\/IMG_3069-1536x1024.jpg 1536w, https:\/\/monrevevalkenburg.com\/wp-content\/uploads\/2024\/11\/IMG_3069-2048x1365.jpg 2048w\" sizes=\"(max-width: 2560px) 100vw, 2560px\" \/><\/figure>\n<\/div><\/div>\n<\/div><\/div>\n\n\n\r\n<div class=\"eye-block empty-space empty-space--small pt-md-3 pb-md-3 pt-2 pb-2\" ><\/div>\n<\/div>\r\n                <\/div>\r\n            <\/div>\r\n        <\/div>\r\n\r\n    <\/div>\r\n\r\n<div class=\"eye-block empty-space empty-space--large pt-md-5 pb-md-5 pt-4 pb-4\" ><\/div>\r\n<div class=\"eye-element fullwidth-row alignfull style-both bg--none  alignfull\"\r\n     style=\"\">\r\n    \r\n\r\n        <div class=\"container\">\r\n            <div class=\"row\">\r\n                <div class=\"col-12\">\r\n                    <div class=\"acf-innerblocks-container\">\n\n<div class=\"ghostkit-grid ghostkit-grid-gap-lg ghostkit-grid-align-items-center\"><div class=\"ghostkit-grid-inner\">\n<div class=\"ghostkit-col ghostkit-col-md-12 ghostkit-col-5\"><div class=\"ghostkit-col-content is-layout-flow wp-block-ghostkit-grid-column-is-layout-flow\">\n<figure class=\"wp-block-image size-full\"><img decoding=\"async\" width=\"2389\" height=\"1664\" src=\"https:\/\/monrevevalkenburg.com\/wp-content\/uploads\/2024\/10\/rijksmonument_36828_kasteel_oost_valkenburg_0-scaled-e1720178932176.jpeg\" alt=\"\" class=\"wp-image-501\" srcset=\"https:\/\/monrevevalkenburg.com\/wp-content\/uploads\/2024\/10\/rijksmonument_36828_kasteel_oost_valkenburg_0-scaled-e1720178932176.jpeg 2389w, https:\/\/monrevevalkenburg.com\/wp-content\/uploads\/2024\/10\/rijksmonument_36828_kasteel_oost_valkenburg_0-scaled-e1720178932176-300x209.jpeg 300w, https:\/\/monrevevalkenburg.com\/wp-content\/uploads\/2024\/10\/rijksmonument_36828_kasteel_oost_valkenburg_0-scaled-e1720178932176-1024x713.jpeg 1024w, https:\/\/monrevevalkenburg.com\/wp-content\/uploads\/2024\/10\/rijksmonument_36828_kasteel_oost_valkenburg_0-scaled-e1720178932176-768x535.jpeg 768w, https:\/\/monrevevalkenburg.com\/wp-content\/uploads\/2024\/10\/rijksmonument_36828_kasteel_oost_valkenburg_0-scaled-e1720178932176-1536x1070.jpeg 1536w, https:\/\/monrevevalkenburg.com\/wp-content\/uploads\/2024\/10\/rijksmonument_36828_kasteel_oost_valkenburg_0-scaled-e1720178932176-2048x1426.jpeg 2048w\" sizes=\"(max-width: 2389px) 100vw, 2389px\" \/><\/figure>\n<\/div><\/div>\n\n\n\n<div class=\"ghostkit-col ghostkit-col-md-12 ghostkit-col-7\"><div class=\"ghostkit-col-content is-layout-flow wp-block-ghostkit-grid-column-is-layout-flow\">\n<h2 class=\"wp-block-heading\" id=\"kasteel-oost-the-wedding-castle\">Schloss Ost<\/h2>\n\n\n\r\n<div class=\"eye-block empty-space empty-space--small pt-md-3 pb-md-3 pt-2 pb-2\" ><\/div>\n\n\n<p>Das Restaurant Mon R\u00eave befindet sich im Untergeschoss des historischen Kasteel Oost im zauberhaften Valkenburg. Versteckt zwischen den H\u00fcgeln und in malerischer Umgebung, nicht weit vom Stadtzentrum entfernt, befindet sich dieser neue und zus\u00e4tzliche Standort von Koonings. <\/p>\n\n\n\n<p>Mit einer Gesamtfl\u00e4che von etwa 36.000 m\u00b2 bietet das Schloss einschlie\u00dflich seiner park\u00e4hnlichen G\u00e4rten unz\u00e4hlige M\u00f6glichkeiten, Hochzeitstr\u00e4ume wahr werden zu lassen. Neben einem Brautmodengesch\u00e4ft, einem Herren- und Kindermodengesch\u00e4ft f\u00fcr festliche Abendgarderobe und einem Sch\u00f6nheitssalon bietet Kasteel Oost auch die M\u00f6glichkeit einer Hochzeitslocation. <\/p>\n<\/div><\/div>\n<\/div><\/div>\n\n<\/div>\r\n                <\/div>\r\n            <\/div>\r\n        <\/div>\r\n\r\n    <\/div>\r\n\r\n<div class=\"eye-block empty-space empty-space--large pt-md-5 pb-md-5 pt-4 pb-4\" ><\/div>\n<h2 class=\"wp-block-heading\" id=\"onze-chef-koks\">Unsere K\u00f6che<\/h2>\n\r\n<div class=\"eye-block empty-space empty-space--medium pt-md-4 pb-md-4 pt-3 pb-3\" ><\/div>\n<p><\/p>\n\n<h3 class=\"wp-block-heading\" id=\"chef-michel\"><strong><em>Chef Mick<\/em><\/strong><\/h3>\n\r\n<div class=\"eye-block empty-space empty-space--small pt-md-3 pb-md-3 pt-2 pb-2\" ><\/div>\n<p><strong><em>Mein Name ist Mick Bos.<\/em><\/strong><\/p>\n\n<p><em>Schon in jungen Jahren stand ich neben meiner Mutter in der K\u00fcche und versuchte, ihr bei der Zubereitung der altmodischen Limburger Flans zu helfen.<\/em><\/p>\n\n<p><em>In der High School habe ich schnell gemerkt, dass mir das Kochen in der Pflege- und Sozialabteilung sehr gut gef\u00e4llt. Ich wusste sofort, dass ich eine Ausbildung zur K\u00f6chin machen w\u00fcrde! <\/em><\/p>\n\n<p><em>Im Alter von 14 Jahren begann ich in einem gro\u00dfen Hotel als Tellerw\u00e4scher und K\u00fcchenhilfe zu arbeiten. Ich wollte sofort alle Tricks und Kniffe des Handwerks lernen und durfte meine ersten zwei Jahre hier als Kochlehrling weitermachen. Im Laufe der Jahre habe ich mich dank meiner Leidenschaft und Beharrlichkeit hochgearbeitet und mich zu einem K\u00fcchenchef entwickelt.  <\/em><\/p>\n\n<p><em>Mein Kochstil ist einzigartig. Ich versuche vor allem, mich von dem abzuheben, was andere Restaurants und Catering-Einrichtungen machen. Meine Wurzeln liegen in der klassischen franz\u00f6sischen K\u00fcche. Ich gebe ihr einen neuen Charakter, indem ich moderne Kochtechniken, asiatische Einfl\u00fcsse und einzigartige Geschmackskombinationen hinzuf\u00fcge.   <\/em><\/p>\n\n<p><em>In der Vergangenheit habe ich in mehreren Schl\u00f6ssern in Limburg als K\u00fcchenchef gearbeitet. Die sch\u00f6ne Lage von Schl\u00f6ssern ist etwas, das mich wirklich anspricht. Ich hatte schon immer ein Auge auf Schloss Oost in Valkenburg geworfen. Es ist ein \u00e4u\u00dferst einzigartiges monumentales Geb\u00e4ude. Die sch\u00f6ne Fassade, der gro\u00dfe Innenhof, die breite Treppe am Eingang, die pr\u00e4chtigen S\u00e4le und der sch\u00f6ne Garten auf der R\u00fcckseite. Mit einem Wort, es ist einfach fantastisch! Es war schon immer mein Traum, hier zu arbeiten.      <\/em><\/p>\n\n<p><em>Ich bin mir sicher, dass wir mit dem Koonings Hochzeitsschloss ein einzigartiges Konzept schaffen werden, das den Ort ehrt und Tr\u00e4ume wahr werden l\u00e4sst.<\/em><\/p>\n\r\n<div class=\"eye-block empty-space empty-space--small pt-md-3 pb-md-3 pt-2 pb-2\" ><\/div>\n<div class=\"ghostkit-grid ghostkit-grid-gap-md\"><div class=\"ghostkit-grid-inner\">\n<div class=\"ghostkit-col ghostkit-col-md-12 ghostkit-col-2\"><div class=\"ghostkit-col-content is-layout-flow wp-block-ghostkit-grid-column-is-layout-flow\"><div class=\"autograph\"><?xml version=\"1.0\" encoding=\"UTF-8\"?><svg id=\"Layer_1\" xmlns=\"http:\/\/www.w3.org\/2000\/svg\" viewBox=\"0 0 712.3 479\"><defs><style>.cls-1{fill:none;stroke:#fff;stroke-linecap:round;stroke-linejoin:round;stroke-width:12px;}<\/style><\/defs><path class=\"cls-1\" d=\"M62.55,142.97s31.04-43.9,41.24-38.13c10.2,5.76-47.44,203.07-47.44,203.07,0,0,120.6-257.61,156.96-245.19,36.36,12.41-74.93,238.1-74.93,238.1,0,0,164.94-309.04,202.63-274.01,37.69,35.03-141.44,272.24-88.23,271.35,37.69-5.76,64.29-78.48,64.29-78.48,0,0-31.04,67.84-10.2,68.28s58.97-53.65,58.97-53.65c0,0,25.27-38.13,35.47-31.92,23.5,9.75,6.65,41.03,6.65,41.03,0,0,15.88-35.96-6.65-41.03-20.98-4.72-76.71,92.67-38.13,96.22,38.57,3.55,172.48-132.63,172.48-132.63,0,0-86.02,76.32-102.87,126.42-16.85,50.1,85.13-210.17,96.22-235,11.08-24.83-69.56,172.98-69.56,172.98,0,0,28.33,28.32,47.83,27.88s79.81-43.45,94-61.63\"\/><path class=\"cls-1\" d=\"M690.83,318.17S33.28,432.56,21.31,437.88c-11.97,5.32,15.52,17.29,15.52,17.29\"\/><path class=\"cls-1\" d=\"M359.96,112.99s-4.54,6.51,0,7.72c4.54,1.21,6.13-4.24,5-5.38-1.14-1.14-1.59-2.95-5-2.35Z\"\/><\/svg><\/div><\/div><\/div>\n\n\n\n<div class=\"ghostkit-col ghostkit-col-md-12 ghostkit-col-10 is-layout-flow wp-block-ghostkit-grid-column-is-layout-flow\"><div class=\"ghostkit-col-content\"><\/div><\/div>\n<\/div><\/div>\n\r\n<div class=\"eye-block empty-space empty-space--large pt-md-5 pb-md-5 pt-4 pb-4\" ><\/div>","protected":false},"excerpt":{"rendered":"<p>Das Mon R\u00eave Team Bei Mon R\u00eave glauben wir, dass jedes Gericht eine Geschichte erz\u00e4hlt und einen Moment des reinen Genusses bieten kann. Unsere Mission ist einfach: Wir m\u00f6chten, dass sich jeder Gast willkommen und wie zu Hause f\u00fchlt und bieten ein kulinarisches Erlebnis, das sowohl inspirierend als auch zug\u00e4nglich ist. Wir wollen Gerichte kreieren, [&hellip;]<\/p>\n","protected":false},"author":1,"featured_media":0,"parent":0,"menu_order":0,"comment_status":"closed","ping_status":"closed","template":"","meta":{"_acf_changed":false,"ghostkit_customizer_options":"","ghostkit_custom_css":"","ghostkit_custom_js_head":"","ghostkit_custom_js_foot":"","ghostkit_typography":"","footnotes":""},"class_list":["post-871","page","type-page","status-publish","hentry"],"acf":[],"yoast_head":"<!-- This site is optimized with the Yoast SEO plugin v27.3 - https:\/\/yoast.com\/product\/yoast-seo-wordpress\/ -->\n<title>\u00dcber uns - Mon R\u00eave<\/title>\n<meta name=\"robots\" content=\"index, follow, max-snippet:-1, max-image-preview:large, max-video-preview:-1\" \/>\n<link rel=\"canonical\" href=\"https:\/\/monrevevalkenburg.com\/de\/ueber-uns\/\" \/>\n<meta property=\"og:locale\" content=\"de_DE\" \/>\n<meta property=\"og:type\" content=\"article\" \/>\n<meta property=\"og:title\" content=\"\u00dcber uns - Mon R\u00eave\" \/>\n<meta property=\"og:description\" content=\"Das Mon R\u00eave Team Bei Mon R\u00eave glauben wir, dass jedes Gericht eine Geschichte erz\u00e4hlt und einen Moment des reinen Genusses bieten kann. Unsere Mission ist einfach: Wir m\u00f6chten, dass sich jeder Gast willkommen und wie zu Hause f\u00fchlt und bieten ein kulinarisches Erlebnis, das sowohl inspirierend als auch zug\u00e4nglich ist. Wir wollen Gerichte kreieren, [&hellip;]\" \/>\n<meta property=\"og:url\" content=\"https:\/\/monrevevalkenburg.com\/de\/ueber-uns\/\" \/>\n<meta property=\"og:site_name\" content=\"Mon R\u00eave\" \/>\n<meta property=\"article:modified_time\" content=\"2026-03-23T08:16:49+00:00\" \/>\n<meta property=\"og:image\" content=\"https:\/\/monrevevalkenburg.com\/wp-content\/uploads\/2024\/11\/IMG_3069-scaled.jpg\" \/>\n<meta name=\"twitter:card\" content=\"summary_large_image\" \/>\n<meta name=\"twitter:label1\" content=\"Gesch\u00e4tzte Lesezeit\" \/>\n\t<meta name=\"twitter:data1\" content=\"4\u00a0Minuten\" \/>\n<script type=\"application\/ld+json\" class=\"yoast-schema-graph\">{\"@context\":\"https:\\\/\\\/schema.org\",\"@graph\":[{\"@type\":\"WebPage\",\"@id\":\"https:\\\/\\\/monrevevalkenburg.com\\\/de\\\/ueber-uns\\\/\",\"url\":\"https:\\\/\\\/monrevevalkenburg.com\\\/de\\\/ueber-uns\\\/\",\"name\":\"\u00dcber uns - Mon R\u00eave\",\"isPartOf\":{\"@id\":\"https:\\\/\\\/monrevevalkenburg.com\\\/de\\\/#website\"},\"primaryImageOfPage\":{\"@id\":\"https:\\\/\\\/monrevevalkenburg.com\\\/de\\\/ueber-uns\\\/#primaryimage\"},\"image\":{\"@id\":\"https:\\\/\\\/monrevevalkenburg.com\\\/de\\\/ueber-uns\\\/#primaryimage\"},\"thumbnailUrl\":\"https:\\\/\\\/monrevevalkenburg.com\\\/wp-content\\\/uploads\\\/2024\\\/11\\\/IMG_3069-scaled.jpg\",\"datePublished\":\"2024-09-25T09:37:21+00:00\",\"dateModified\":\"2026-03-23T08:16:49+00:00\",\"breadcrumb\":{\"@id\":\"https:\\\/\\\/monrevevalkenburg.com\\\/de\\\/ueber-uns\\\/#breadcrumb\"},\"inLanguage\":\"de\",\"potentialAction\":[{\"@type\":\"ReadAction\",\"target\":[\"https:\\\/\\\/monrevevalkenburg.com\\\/de\\\/ueber-uns\\\/\"]}]},{\"@type\":\"ImageObject\",\"inLanguage\":\"de\",\"@id\":\"https:\\\/\\\/monrevevalkenburg.com\\\/de\\\/ueber-uns\\\/#primaryimage\",\"url\":\"https:\\\/\\\/monrevevalkenburg.com\\\/wp-content\\\/uploads\\\/2024\\\/11\\\/IMG_3069-scaled.jpg\",\"contentUrl\":\"https:\\\/\\\/monrevevalkenburg.com\\\/wp-content\\\/uploads\\\/2024\\\/11\\\/IMG_3069-scaled.jpg\"},{\"@type\":\"BreadcrumbList\",\"@id\":\"https:\\\/\\\/monrevevalkenburg.com\\\/de\\\/ueber-uns\\\/#breadcrumb\",\"itemListElement\":[{\"@type\":\"ListItem\",\"position\":1,\"name\":\"Home\",\"item\":\"https:\\\/\\\/monrevevalkenburg.com\\\/de\\\/\"},{\"@type\":\"ListItem\",\"position\":2,\"name\":\"\u00dcber uns\"}]},{\"@type\":\"WebSite\",\"@id\":\"https:\\\/\\\/monrevevalkenburg.com\\\/de\\\/#website\",\"url\":\"https:\\\/\\\/monrevevalkenburg.com\\\/de\\\/\",\"name\":\"Mon R\u00eave Valkenburg\",\"description\":\"\",\"publisher\":{\"@id\":\"https:\\\/\\\/monrevevalkenburg.com\\\/de\\\/#organization\"},\"potentialAction\":[{\"@type\":\"SearchAction\",\"target\":{\"@type\":\"EntryPoint\",\"urlTemplate\":\"https:\\\/\\\/monrevevalkenburg.com\\\/de\\\/?s={search_term_string}\"},\"query-input\":{\"@type\":\"PropertyValueSpecification\",\"valueRequired\":true,\"valueName\":\"search_term_string\"}}],\"inLanguage\":\"de\"},{\"@type\":\"Organization\",\"@id\":\"https:\\\/\\\/monrevevalkenburg.com\\\/de\\\/#organization\",\"name\":\"Mon R\u00eave\",\"url\":\"https:\\\/\\\/monrevevalkenburg.com\\\/de\\\/\",\"logo\":{\"@type\":\"ImageObject\",\"inLanguage\":\"de\",\"@id\":\"https:\\\/\\\/monrevevalkenburg.com\\\/de\\\/#\\\/schema\\\/logo\\\/image\\\/\",\"url\":\"https:\\\/\\\/monrevevalkenburg.com\\\/wp-content\\\/uploads\\\/2024\\\/09\\\/placeholder-logo.png\",\"contentUrl\":\"https:\\\/\\\/monrevevalkenburg.com\\\/wp-content\\\/uploads\\\/2024\\\/09\\\/placeholder-logo.png\",\"width\":794,\"height\":794,\"caption\":\"Mon R\u00eave\"},\"image\":{\"@id\":\"https:\\\/\\\/monrevevalkenburg.com\\\/de\\\/#\\\/schema\\\/logo\\\/image\\\/\"}}]}<\/script>\n<!-- \/ Yoast SEO plugin. -->","yoast_head_json":{"title":"\u00dcber uns - Mon R\u00eave","robots":{"index":"index","follow":"follow","max-snippet":"max-snippet:-1","max-image-preview":"max-image-preview:large","max-video-preview":"max-video-preview:-1"},"canonical":"https:\/\/monrevevalkenburg.com\/de\/ueber-uns\/","og_locale":"de_DE","og_type":"article","og_title":"\u00dcber uns - Mon R\u00eave","og_description":"Das Mon R\u00eave Team Bei Mon R\u00eave glauben wir, dass jedes Gericht eine Geschichte erz\u00e4hlt und einen Moment des reinen Genusses bieten kann. Unsere Mission ist einfach: Wir m\u00f6chten, dass sich jeder Gast willkommen und wie zu Hause f\u00fchlt und bieten ein kulinarisches Erlebnis, das sowohl inspirierend als auch zug\u00e4nglich ist. Wir wollen Gerichte kreieren, [&hellip;]","og_url":"https:\/\/monrevevalkenburg.com\/de\/ueber-uns\/","og_site_name":"Mon R\u00eave","article_modified_time":"2026-03-23T08:16:49+00:00","og_image":[{"url":"https:\/\/monrevevalkenburg.com\/wp-content\/uploads\/2024\/11\/IMG_3069-scaled.jpg","type":"","width":"","height":""}],"twitter_card":"summary_large_image","twitter_misc":{"Gesch\u00e4tzte Lesezeit":"4\u00a0Minuten"},"schema":{"@context":"https:\/\/schema.org","@graph":[{"@type":"WebPage","@id":"https:\/\/monrevevalkenburg.com\/de\/ueber-uns\/","url":"https:\/\/monrevevalkenburg.com\/de\/ueber-uns\/","name":"\u00dcber uns - Mon R\u00eave","isPartOf":{"@id":"https:\/\/monrevevalkenburg.com\/de\/#website"},"primaryImageOfPage":{"@id":"https:\/\/monrevevalkenburg.com\/de\/ueber-uns\/#primaryimage"},"image":{"@id":"https:\/\/monrevevalkenburg.com\/de\/ueber-uns\/#primaryimage"},"thumbnailUrl":"https:\/\/monrevevalkenburg.com\/wp-content\/uploads\/2024\/11\/IMG_3069-scaled.jpg","datePublished":"2024-09-25T09:37:21+00:00","dateModified":"2026-03-23T08:16:49+00:00","breadcrumb":{"@id":"https:\/\/monrevevalkenburg.com\/de\/ueber-uns\/#breadcrumb"},"inLanguage":"de","potentialAction":[{"@type":"ReadAction","target":["https:\/\/monrevevalkenburg.com\/de\/ueber-uns\/"]}]},{"@type":"ImageObject","inLanguage":"de","@id":"https:\/\/monrevevalkenburg.com\/de\/ueber-uns\/#primaryimage","url":"https:\/\/monrevevalkenburg.com\/wp-content\/uploads\/2024\/11\/IMG_3069-scaled.jpg","contentUrl":"https:\/\/monrevevalkenburg.com\/wp-content\/uploads\/2024\/11\/IMG_3069-scaled.jpg"},{"@type":"BreadcrumbList","@id":"https:\/\/monrevevalkenburg.com\/de\/ueber-uns\/#breadcrumb","itemListElement":[{"@type":"ListItem","position":1,"name":"Home","item":"https:\/\/monrevevalkenburg.com\/de\/"},{"@type":"ListItem","position":2,"name":"\u00dcber uns"}]},{"@type":"WebSite","@id":"https:\/\/monrevevalkenburg.com\/de\/#website","url":"https:\/\/monrevevalkenburg.com\/de\/","name":"Mon R\u00eave Valkenburg","description":"","publisher":{"@id":"https:\/\/monrevevalkenburg.com\/de\/#organization"},"potentialAction":[{"@type":"SearchAction","target":{"@type":"EntryPoint","urlTemplate":"https:\/\/monrevevalkenburg.com\/de\/?s={search_term_string}"},"query-input":{"@type":"PropertyValueSpecification","valueRequired":true,"valueName":"search_term_string"}}],"inLanguage":"de"},{"@type":"Organization","@id":"https:\/\/monrevevalkenburg.com\/de\/#organization","name":"Mon R\u00eave","url":"https:\/\/monrevevalkenburg.com\/de\/","logo":{"@type":"ImageObject","inLanguage":"de","@id":"https:\/\/monrevevalkenburg.com\/de\/#\/schema\/logo\/image\/","url":"https:\/\/monrevevalkenburg.com\/wp-content\/uploads\/2024\/09\/placeholder-logo.png","contentUrl":"https:\/\/monrevevalkenburg.com\/wp-content\/uploads\/2024\/09\/placeholder-logo.png","width":794,"height":794,"caption":"Mon R\u00eave"},"image":{"@id":"https:\/\/monrevevalkenburg.com\/de\/#\/schema\/logo\/image\/"}}]}},"_links":{"self":[{"href":"https:\/\/monrevevalkenburg.com\/de\/wp-json\/wp\/v2\/pages\/871","targetHints":{"allow":["GET"]}}],"collection":[{"href":"https:\/\/monrevevalkenburg.com\/de\/wp-json\/wp\/v2\/pages"}],"about":[{"href":"https:\/\/monrevevalkenburg.com\/de\/wp-json\/wp\/v2\/types\/page"}],"author":[{"embeddable":true,"href":"https:\/\/monrevevalkenburg.com\/de\/wp-json\/wp\/v2\/users\/1"}],"replies":[{"embeddable":true,"href":"https:\/\/monrevevalkenburg.com\/de\/wp-json\/wp\/v2\/comments?post=871"}],"version-history":[{"count":10,"href":"https:\/\/monrevevalkenburg.com\/de\/wp-json\/wp\/v2\/pages\/871\/revisions"}],"predecessor-version":[{"id":2983,"href":"https:\/\/monrevevalkenburg.com\/de\/wp-json\/wp\/v2\/pages\/871\/revisions\/2983"}],"wp:attachment":[{"href":"https:\/\/monrevevalkenburg.com\/de\/wp-json\/wp\/v2\/media?parent=871"}],"curies":[{"name":"wp","href":"https:\/\/api.w.org\/{rel}","templated":true}]}}