{"id":878,"date":"2024-09-25T11:37:10","date_gmt":"2024-09-25T09:37:10","guid":{"rendered":"https:\/\/monrevevalkenburg.com\/arbeiten-bei\/"},"modified":"2025-02-27T12:25:24","modified_gmt":"2025-02-27T11:25:24","slug":"arbeiten-bei","status":"publish","type":"page","link":"https:\/\/monrevevalkenburg.com\/de\/arbeiten-bei\/","title":{"rendered":"Karriere"},"content":{"rendered":"\n<div class=\"ghostkit-grid ghostkit-grid-gap-md ghostkit-grid-justify-content-center\"><div class=\"ghostkit-grid-inner\">\n<div class=\"ghostkit-col ghostkit-col-12\"><div class=\"ghostkit-col-content is-layout-flow wp-block-ghostkit-grid-column-is-layout-flow\">\r\n<div class=\"eye-block empty-space empty-space--large pt-md-5 pb-md-5 pt-4 pb-4\" ><\/div>\n\n\n<h1 class=\"wp-block-heading has-text-align-center\" id=\"werken-bij-koonings-the-wedding-castle\"><em>Karriere bei<\/em> Koonings The Wedding Castle<\/h1>\n\n\n\r\n<div class=\"eye-block empty-space empty-space--small pt-md-3 pb-md-3 pt-2 pb-2\" ><\/div>\n\n\n<p class=\"has-text-align-center\">Bei Mon R\u00eave hei\u00dfen wir immer neue Talente in unserem Team willkommen. Mit unserer kulinarischen Gesamterfahrung sind wir st\u00e4ndig auf der Suche nach leidenschaftlichen Profis. Sind Sie bereit, Ihren Karrieretraum in der inspirierenden Umgebung von Kasteel Oost zu verwirklichen?  <\/p>\n\n\n\r\n<div class=\"eye-block empty-space empty-space--large pt-md-5 pb-md-5 pt-4 pb-4\" ><\/div><\/div><\/div>\n<\/div><\/div>\n\n\n<div class=\"row\">        <div class=\"col-lg-6 mb-4\">\r\n            <div class=\"card\">\r\n                                <div class=\"card-body\">\r\n                    <div class=\"d-flex flex-column flex-sm-row justify-content-between align-items-start align-items-sm-center\">\r\n                        <h5 class=\"card-title mb-2 mb-sm-0\">K\u00fcchenhilfe<\/h5>\r\n                        <a href=\"https:\/\/monrevevalkenburg.com\/de\/werken-bij\/hilfe-in-der-kueche\/\" class=\"btn btn-gold mt-2 mt-sm-0\">Mehr lesen<\/a>\r\n                    <\/div>\r\n                <\/div>\r\n            <\/div>\r\n        <\/div>\r\n                <div class=\"col-lg-6 mb-4\">\r\n            <div class=\"card\">\r\n                                <div class=\"card-body\">\r\n                    <div class=\"d-flex flex-column flex-sm-row justify-content-between align-items-start align-items-sm-center\">\r\n                        <h5 class=\"card-title mb-2 mb-sm-0\">Selbstst\u00e4ndiger Koch<\/h5>\r\n                        <a href=\"https:\/\/monrevevalkenburg.com\/de\/werken-bij\/selbststaendiger-koch\/\" class=\"btn btn-gold mt-2 mt-sm-0\">Mehr lesen<\/a>\r\n                    <\/div>\r\n                <\/div>\r\n            <\/div>\r\n        <\/div>\r\n                <div class=\"col-lg-6 mb-4\">\r\n            <div class=\"card\">\r\n                                <div class=\"card-body\">\r\n                    <div class=\"d-flex flex-column flex-sm-row justify-content-between align-items-start align-items-sm-center\">\r\n                        <h5 class=\"card-title mb-2 mb-sm-0\">Bedienung<\/h5>\r\n                        <a href=\"https:\/\/monrevevalkenburg.com\/de\/werken-bij\/operation\/\" class=\"btn btn-gold mt-2 mt-sm-0\">Mehr lesen<\/a>\r\n                    <\/div>\r\n                <\/div>\r\n            <\/div>\r\n        <\/div>\r\n                <div class=\"col-lg-6 mb-4\">\r\n            <div class=\"card\">\r\n                                <div class=\"card-body\">\r\n                    <div class=\"d-flex flex-column flex-sm-row justify-content-between align-items-start align-items-sm-center\">\r\n                        <h5 class=\"card-title mb-2 mb-sm-0\">Sommelier<\/h5>\r\n                        <a href=\"https:\/\/monrevevalkenburg.com\/de\/werken-bij\/sommelier\/\" class=\"btn btn-gold mt-2 mt-sm-0\">Mehr lesen<\/a>\r\n                    <\/div>\r\n                <\/div>\r\n            <\/div>\r\n        <\/div>\r\n                <div class=\"col-lg-6 mb-4\">\r\n            <div class=\"card\">\r\n                                <div class=\"card-body\">\r\n                    <div class=\"d-flex flex-column flex-sm-row justify-content-between align-items-start align-items-sm-center\">\r\n                        <h5 class=\"card-title mb-2 mb-sm-0\">Barkeeper*in<\/h5>\r\n                        <a href=\"https:\/\/monrevevalkenburg.com\/de\/werken-bij\/barkeeper-frau\/\" class=\"btn btn-gold mt-2 mt-sm-0\">Mehr lesen<\/a>\r\n                    <\/div>\r\n                <\/div>\r\n            <\/div>\r\n        <\/div>\r\n        <\/div>\n\n\r\n<div class=\"eye-block empty-space empty-space--large pt-md-5 pb-md-5 pt-4 pb-4\" ><\/div>\n\n\n<p><\/p>\n","protected":false},"excerpt":{"rendered":"","protected":false},"author":1,"featured_media":0,"parent":0,"menu_order":0,"comment_status":"closed","ping_status":"closed","template":"","meta":{"_acf_changed":false,"ghostkit_customizer_options":"","ghostkit_custom_css":"","ghostkit_custom_js_head":"","ghostkit_custom_js_foot":"","ghostkit_typography":"","footnotes":""},"class_list":["post-878","page","type-page","status-publish","hentry"],"acf":[],"yoast_head":"<!-- This site is optimized with the Yoast SEO plugin v27.3 - https:\/\/yoast.com\/product\/yoast-seo-wordpress\/ -->\n<title>Karriere - Mon R\u00eave<\/title>\n<meta name=\"robots\" content=\"index, follow, max-snippet:-1, max-image-preview:large, max-video-preview:-1\" \/>\n<link rel=\"canonical\" href=\"https:\/\/monrevevalkenburg.com\/de\/arbeiten-bei\/\" \/>\n<meta property=\"og:locale\" content=\"de_DE\" \/>\n<meta property=\"og:type\" content=\"article\" \/>\n<meta property=\"og:title\" content=\"Karriere - Mon R\u00eave\" \/>\n<meta property=\"og:url\" content=\"https:\/\/monrevevalkenburg.com\/de\/arbeiten-bei\/\" \/>\n<meta property=\"og:site_name\" content=\"Mon R\u00eave\" \/>\n<meta property=\"article:modified_time\" content=\"2025-02-27T11:25:24+00:00\" \/>\n<meta name=\"twitter:card\" content=\"summary_large_image\" \/>\n<meta name=\"twitter:label1\" content=\"Gesch\u00e4tzte Lesezeit\" \/>\n\t<meta name=\"twitter:data1\" content=\"1\u00a0Minute\" \/>\n<script type=\"application\/ld+json\" class=\"yoast-schema-graph\">{\"@context\":\"https:\\\/\\\/schema.org\",\"@graph\":[{\"@type\":\"WebPage\",\"@id\":\"https:\\\/\\\/monrevevalkenburg.com\\\/de\\\/arbeiten-bei\\\/\",\"url\":\"https:\\\/\\\/monrevevalkenburg.com\\\/de\\\/arbeiten-bei\\\/\",\"name\":\"Karriere - Mon R\u00eave\",\"isPartOf\":{\"@id\":\"https:\\\/\\\/monrevevalkenburg.com\\\/de\\\/#website\"},\"datePublished\":\"2024-09-25T09:37:10+00:00\",\"dateModified\":\"2025-02-27T11:25:24+00:00\",\"breadcrumb\":{\"@id\":\"https:\\\/\\\/monrevevalkenburg.com\\\/de\\\/arbeiten-bei\\\/#breadcrumb\"},\"inLanguage\":\"de\",\"potentialAction\":[{\"@type\":\"ReadAction\",\"target\":[\"https:\\\/\\\/monrevevalkenburg.com\\\/de\\\/arbeiten-bei\\\/\"]}]},{\"@type\":\"BreadcrumbList\",\"@id\":\"https:\\\/\\\/monrevevalkenburg.com\\\/de\\\/arbeiten-bei\\\/#breadcrumb\",\"itemListElement\":[{\"@type\":\"ListItem\",\"position\":1,\"name\":\"Home\",\"item\":\"https:\\\/\\\/monrevevalkenburg.com\\\/de\\\/\"},{\"@type\":\"ListItem\",\"position\":2,\"name\":\"Karriere\"}]},{\"@type\":\"WebSite\",\"@id\":\"https:\\\/\\\/monrevevalkenburg.com\\\/de\\\/#website\",\"url\":\"https:\\\/\\\/monrevevalkenburg.com\\\/de\\\/\",\"name\":\"Mon R\u00eave Valkenburg\",\"description\":\"\",\"publisher\":{\"@id\":\"https:\\\/\\\/monrevevalkenburg.com\\\/de\\\/#organization\"},\"potentialAction\":[{\"@type\":\"SearchAction\",\"target\":{\"@type\":\"EntryPoint\",\"urlTemplate\":\"https:\\\/\\\/monrevevalkenburg.com\\\/de\\\/?s={search_term_string}\"},\"query-input\":{\"@type\":\"PropertyValueSpecification\",\"valueRequired\":true,\"valueName\":\"search_term_string\"}}],\"inLanguage\":\"de\"},{\"@type\":\"Organization\",\"@id\":\"https:\\\/\\\/monrevevalkenburg.com\\\/de\\\/#organization\",\"name\":\"Mon R\u00eave\",\"url\":\"https:\\\/\\\/monrevevalkenburg.com\\\/de\\\/\",\"logo\":{\"@type\":\"ImageObject\",\"inLanguage\":\"de\",\"@id\":\"https:\\\/\\\/monrevevalkenburg.com\\\/de\\\/#\\\/schema\\\/logo\\\/image\\\/\",\"url\":\"https:\\\/\\\/monrevevalkenburg.com\\\/wp-content\\\/uploads\\\/2024\\\/09\\\/placeholder-logo.png\",\"contentUrl\":\"https:\\\/\\\/monrevevalkenburg.com\\\/wp-content\\\/uploads\\\/2024\\\/09\\\/placeholder-logo.png\",\"width\":794,\"height\":794,\"caption\":\"Mon R\u00eave\"},\"image\":{\"@id\":\"https:\\\/\\\/monrevevalkenburg.com\\\/de\\\/#\\\/schema\\\/logo\\\/image\\\/\"}}]}<\/script>\n<!-- \/ Yoast SEO plugin. -->","yoast_head_json":{"title":"Karriere - Mon R\u00eave","robots":{"index":"index","follow":"follow","max-snippet":"max-snippet:-1","max-image-preview":"max-image-preview:large","max-video-preview":"max-video-preview:-1"},"canonical":"https:\/\/monrevevalkenburg.com\/de\/arbeiten-bei\/","og_locale":"de_DE","og_type":"article","og_title":"Karriere - Mon R\u00eave","og_url":"https:\/\/monrevevalkenburg.com\/de\/arbeiten-bei\/","og_site_name":"Mon R\u00eave","article_modified_time":"2025-02-27T11:25:24+00:00","twitter_card":"summary_large_image","twitter_misc":{"Gesch\u00e4tzte Lesezeit":"1\u00a0Minute"},"schema":{"@context":"https:\/\/schema.org","@graph":[{"@type":"WebPage","@id":"https:\/\/monrevevalkenburg.com\/de\/arbeiten-bei\/","url":"https:\/\/monrevevalkenburg.com\/de\/arbeiten-bei\/","name":"Karriere - Mon R\u00eave","isPartOf":{"@id":"https:\/\/monrevevalkenburg.com\/de\/#website"},"datePublished":"2024-09-25T09:37:10+00:00","dateModified":"2025-02-27T11:25:24+00:00","breadcrumb":{"@id":"https:\/\/monrevevalkenburg.com\/de\/arbeiten-bei\/#breadcrumb"},"inLanguage":"de","potentialAction":[{"@type":"ReadAction","target":["https:\/\/monrevevalkenburg.com\/de\/arbeiten-bei\/"]}]},{"@type":"BreadcrumbList","@id":"https:\/\/monrevevalkenburg.com\/de\/arbeiten-bei\/#breadcrumb","itemListElement":[{"@type":"ListItem","position":1,"name":"Home","item":"https:\/\/monrevevalkenburg.com\/de\/"},{"@type":"ListItem","position":2,"name":"Karriere"}]},{"@type":"WebSite","@id":"https:\/\/monrevevalkenburg.com\/de\/#website","url":"https:\/\/monrevevalkenburg.com\/de\/","name":"Mon R\u00eave Valkenburg","description":"","publisher":{"@id":"https:\/\/monrevevalkenburg.com\/de\/#organization"},"potentialAction":[{"@type":"SearchAction","target":{"@type":"EntryPoint","urlTemplate":"https:\/\/monrevevalkenburg.com\/de\/?s={search_term_string}"},"query-input":{"@type":"PropertyValueSpecification","valueRequired":true,"valueName":"search_term_string"}}],"inLanguage":"de"},{"@type":"Organization","@id":"https:\/\/monrevevalkenburg.com\/de\/#organization","name":"Mon R\u00eave","url":"https:\/\/monrevevalkenburg.com\/de\/","logo":{"@type":"ImageObject","inLanguage":"de","@id":"https:\/\/monrevevalkenburg.com\/de\/#\/schema\/logo\/image\/","url":"https:\/\/monrevevalkenburg.com\/wp-content\/uploads\/2024\/09\/placeholder-logo.png","contentUrl":"https:\/\/monrevevalkenburg.com\/wp-content\/uploads\/2024\/09\/placeholder-logo.png","width":794,"height":794,"caption":"Mon R\u00eave"},"image":{"@id":"https:\/\/monrevevalkenburg.com\/de\/#\/schema\/logo\/image\/"}}]}},"_links":{"self":[{"href":"https:\/\/monrevevalkenburg.com\/de\/wp-json\/wp\/v2\/pages\/878","targetHints":{"allow":["GET"]}}],"collection":[{"href":"https:\/\/monrevevalkenburg.com\/de\/wp-json\/wp\/v2\/pages"}],"about":[{"href":"https:\/\/monrevevalkenburg.com\/de\/wp-json\/wp\/v2\/types\/page"}],"author":[{"embeddable":true,"href":"https:\/\/monrevevalkenburg.com\/de\/wp-json\/wp\/v2\/users\/1"}],"replies":[{"embeddable":true,"href":"https:\/\/monrevevalkenburg.com\/de\/wp-json\/wp\/v2\/comments?post=878"}],"version-history":[{"count":2,"href":"https:\/\/monrevevalkenburg.com\/de\/wp-json\/wp\/v2\/pages\/878\/revisions"}],"predecessor-version":[{"id":2058,"href":"https:\/\/monrevevalkenburg.com\/de\/wp-json\/wp\/v2\/pages\/878\/revisions\/2058"}],"wp:attachment":[{"href":"https:\/\/monrevevalkenburg.com\/de\/wp-json\/wp\/v2\/media?parent=878"}],"curies":[{"name":"wp","href":"https:\/\/api.w.org\/{rel}","templated":true}]}}