{"id":1716,"date":"2024-12-03T10:51:29","date_gmt":"2024-12-03T09:51:29","guid":{"rendered":"https:\/\/monrevevalkenburg.com\/noel-2\/"},"modified":"2025-11-10T16:02:26","modified_gmt":"2025-11-10T15:02:26","slug":"noel-2","status":"publish","type":"page","link":"https:\/\/monrevevalkenburg.com\/fr\/noel-2\/","title":{"rendered":"No\u00ebl"},"content":{"rendered":"\r\n    <section id=\"hero-other\" class=\"eye-block other-hero alignfull\">\r\n        <div class=\"hero-other-main-text\">\r\n            <div class=\"acf-innerblocks-container\">\n\n<h1 class=\"wp-block-heading\" id=\"vier-kerst-bij-mon-reve\">C\u00e9l\u00e9brez <em>No\u00ebl<\/em> chez Mon R\u00eave<\/h1>\n\n\n\r\n<div class=\"eye-block empty-space empty-space--small pt-md-3 pb-md-3 pt-2 pb-2\" ><\/div>\n\n\n<p>C\u00e9l\u00e9brez les f\u00eates avec nous au restaurant Mon R\u00eave \u00e0 Castle East.<\/p>\n\n<\/div>\r\n        <\/div>\r\n                    <div class=\"overlay\"><\/div>\r\n            <img decoding=\"async\" src=\"https:\/\/monrevevalkenburg.com\/wp-content\/uploads\/2025\/10\/kuppens_fotografie_5810b-scaled-e1761916346514.jpg\">\r\n            <\/section>\r\n\r\n<div class=\"eye-block empty-space empty-space--large pt-md-5 pb-md-5 pt-4 pb-4\" ><\/div>\r\n<div class=\"eye-block empty-space empty-space--large pt-md-5 pb-md-5 pt-4 pb-4\" ><\/div>\n<h2 class=\"wp-block-heading has-text-align-center\">C\u00e9l\u00e9brez la magie de No\u00ebl \u00e0 Mon R\u00eave<\/h2>\n\n<p class=\"has-text-align-center\">No\u00ebl est une p\u00e9riode de connexion, de chaleur et de plaisir. Et o\u00f9 mieux vivre cela que dans un lieu o\u00f9 l&rsquo;histoire, le romantisme et l&rsquo;hospitalit\u00e9 se rencontrent ? Viendrez-vous aussi go\u00fbter aux d\u00e9lices culinaires de Mon R\u00eave ?  <\/p>\n\r\n<div class=\"eye-element fullwidth-row alignfull style-both bg--none  alignfull\"\r\n     style=\"\">\r\n    \r\n\r\n        <div class=\"container\">\r\n            <div class=\"row\">\r\n                <div class=\"col-12\">\r\n                    <div class=\"acf-innerblocks-container\">\n\n<div class=\"ghostkit-grid ghostkit-grid-gap-md\"><div class=\"ghostkit-grid-inner\">\n<div class=\"ghostkit-col ghostkit-col-md-12 ghostkit-col-6\"><div class=\"ghostkit-col-content is-layout-flow wp-block-ghostkit-grid-column-is-layout-flow\">\n<figure class=\"wp-block-image size-large\"><img decoding=\"async\" width=\"1024\" height=\"681\" src=\"https:\/\/monrevevalkenburg.com\/wp-content\/uploads\/2025\/10\/DSC_6381-scaled-1-1024x681.jpg\" alt=\"\" class=\"wp-image-2645\" srcset=\"https:\/\/monrevevalkenburg.com\/wp-content\/uploads\/2025\/10\/DSC_6381-scaled-1-1024x681.jpg 1024w, https:\/\/monrevevalkenburg.com\/wp-content\/uploads\/2025\/10\/DSC_6381-scaled-1-300x200.jpg 300w, https:\/\/monrevevalkenburg.com\/wp-content\/uploads\/2025\/10\/DSC_6381-scaled-1-768x511.jpg 768w, https:\/\/monrevevalkenburg.com\/wp-content\/uploads\/2025\/10\/DSC_6381-scaled-1-1536x1022.jpg 1536w, https:\/\/monrevevalkenburg.com\/wp-content\/uploads\/2025\/10\/DSC_6381-scaled-1-2048x1362.jpg 2048w\" sizes=\"(max-width: 1024px) 100vw, 1024px\" \/><\/figure>\n<\/div><\/div>\n\n\n\n<div class=\"ghostkit-col ghostkit-col-md-12 ghostkit-col-6\"><div class=\"ghostkit-col-content is-layout-flow wp-block-ghostkit-grid-column-is-layout-flow\">\r\n<div class=\"eye-block empty-space empty-space--large pt-md-5 pb-md-5 pt-4 pb-4\" ><\/div>\n\n\n<h2 class=\"wp-block-heading\" id=\"kerst-bij-mon-reve\">Brunch ou d\u00eener en commun<\/h2>\n\n\n\n<p>Pour No\u00ebl, nos chefs ont cr\u00e9\u00e9 pour vous un menu complet qui allie ingr\u00e9dients locaux, saveurs classiques et cr\u00e9ativit\u00e9 culinaire. Chaque plat est une ode au go\u00fbt, \u00e0 l&rsquo;atmosph\u00e8re et \u00e0 l&rsquo;art du plaisir. Viendrez-vous pour un brunch ou un somptueux d\u00eener ? D\u00e9couvrez ici \u00e0 quoi pourrait ressembler votre No\u00ebl \u00e0 Mon R\u00eave.   <\/p>\n\n\n    <div class=\"bsbutton text-center  aligncenter\" >\r\n                    <a class=\"btn btn-gold\" href=\"https:\/\/monrevevalkenburg.com\/menu\/#kerstmenu\" target=\"\">Consultez le menu de No\u00ebl<\/a>\r\n            <\/div>\r\n<\/div><\/div>\n<\/div><\/div>\n\n\n\r\n<div class=\"eye-block empty-space empty-space--small pt-md-3 pb-md-3 pt-2 pb-2\" ><\/div>\n<\/div>\r\n                <\/div>\r\n            <\/div>\r\n        <\/div>\r\n\r\n    <\/div>\r\n\r\n<div class=\"eye-element fullwidth-row alignfull style-both bg--none  alignfull\"\r\n     style=\"\">\r\n    \r\n\r\n        <div class=\"container\">\r\n            <div class=\"row\">\r\n                <div class=\"col-12\">\r\n                    <div class=\"acf-innerblocks-container\">\n\n<div class=\"ghostkit-grid ghostkit-grid-gap-md\"><div class=\"ghostkit-grid-inner\">\n<div class=\"ghostkit-col ghostkit-col-md-12 ghostkit-col-6\"><div class=\"ghostkit-col-content is-layout-flow wp-block-ghostkit-grid-column-is-layout-flow\">\r\n<div class=\"eye-block empty-space empty-space--medium pt-md-4 pb-md-4 pt-3 pb-3\" ><\/div>\n\n\n<h2 class=\"wp-block-heading\" id=\"kerstdiner-in-de-trouwzaal\">Sauvegarder avec l&rsquo;<em>action tokens<\/em><\/h2>\n\n\n\n<p>Sp\u00e9cialement pour les mois de f\u00eate, nous lan\u00e7ons la <strong>promotion des jetons de No\u00ebl :<\/strong><\/p>\n\n\n\n<p><strong>Voici comment cela fonctionne :<\/strong><\/p>\n\n\n\n<ul class=\"wp-block-list\">\n<li>Pour chaque tranche de 10 euros d\u00e9pens\u00e9s au restaurant Mon R\u00eave, en novembre et d\u00e9cembre 2025, vous recevrez <strong>1 jeton de No\u00ebl.<\/strong><\/li>\n\n\n\n<li>Vous pouvez \u00e9conomiser jusqu&rsquo;\u00e0 <strong>10 jetons par visite.<\/strong> <\/li>\n\n\n\n<li>Chaque pi\u00e8ce vaut <strong>1 euro<\/strong> et peut \u00eatre remise du <strong>1er janvier au 28 f\u00e9vrier 2026<\/strong> au restaurant Mon R\u00eave.<\/li>\n<\/ul>\n\n\n\n<p>Que vous veniez pour le d\u00e9jeuner, le d\u00eener ou simplement pour une tasse de caf\u00e9, ne vous privez pas.<\/p>\n\n\n        <button class=\"btn btn-light\" type=\"button\" onclick=\"_gstpln.openWidget();\">\r\n            <i class=\"fa-sharp fa-regular fa-calendar me-1\"><\/i> Livre        <\/button>\r\n\r\n<!--    <button class=\"btn btn-light\" type=\"button\" onclick=\"openPopup();\">-->\r\n<!--        <i class=\"fa-sharp fa-regular fa-calendar me-1\"><\/i> --><!--    <\/button>-->\r\n<\/div><\/div>\n\n\n\n<div class=\"ghostkit-col ghostkit-col-md-12 ghostkit-col-6\"><div class=\"ghostkit-col-content is-layout-flow wp-block-ghostkit-grid-column-is-layout-flow\">\n<figure class=\"wp-block-image size-large\"><img decoding=\"async\" width=\"1024\" height=\"683\" src=\"https:\/\/monrevevalkenburg.com\/wp-content\/uploads\/2025\/11\/3X7A9670-1-1024x683.jpg\" alt=\"\" class=\"wp-image-2767\" srcset=\"https:\/\/monrevevalkenburg.com\/wp-content\/uploads\/2025\/11\/3X7A9670-1-1024x683.jpg 1024w, https:\/\/monrevevalkenburg.com\/wp-content\/uploads\/2025\/11\/3X7A9670-1-300x200.jpg 300w, https:\/\/monrevevalkenburg.com\/wp-content\/uploads\/2025\/11\/3X7A9670-1-768x512.jpg 768w, https:\/\/monrevevalkenburg.com\/wp-content\/uploads\/2025\/11\/3X7A9670-1-1536x1024.jpg 1536w, https:\/\/monrevevalkenburg.com\/wp-content\/uploads\/2025\/11\/3X7A9670-1.jpg 2048w\" sizes=\"(max-width: 1024px) 100vw, 1024px\" \/><\/figure>\n<\/div><\/div>\n<\/div><\/div>\n\n<\/div>\r\n                <\/div>\r\n            <\/div>\r\n        <\/div>\r\n\r\n    <\/div>\r\n","protected":false},"excerpt":{"rendered":"<p>C\u00e9l\u00e9brez la magie de No\u00ebl \u00e0 Mon R\u00eave No\u00ebl est une p\u00e9riode de connexion, de chaleur et de plaisir. Et o\u00f9 mieux vivre cela que dans un lieu o\u00f9 l&rsquo;histoire, le romantisme et l&rsquo;hospitalit\u00e9 se rencontrent ? Viendrez-vous aussi go\u00fbter aux d\u00e9lices culinaires de Mon R\u00eave ?<\/p>\n","protected":false},"author":2,"featured_media":0,"parent":0,"menu_order":0,"comment_status":"closed","ping_status":"closed","template":"","meta":{"_acf_changed":false,"ghostkit_customizer_options":"","ghostkit_custom_css":"","ghostkit_custom_js_head":"","ghostkit_custom_js_foot":"","ghostkit_typography":"","footnotes":""},"class_list":["post-1716","page","type-page","status-publish","hentry"],"acf":[],"yoast_head":"<!-- This site is optimized with the Yoast SEO plugin v27.3 - https:\/\/yoast.com\/product\/yoast-seo-wordpress\/ -->\n<title>No\u00ebl - Mon R\u00eave<\/title>\n<meta name=\"robots\" content=\"index, follow, max-snippet:-1, max-image-preview:large, max-video-preview:-1\" \/>\n<link rel=\"canonical\" href=\"https:\/\/monrevevalkenburg.com\/fr\/noel-2\/\" \/>\n<meta property=\"og:locale\" content=\"fr_FR\" \/>\n<meta property=\"og:type\" content=\"article\" \/>\n<meta property=\"og:title\" content=\"No\u00ebl - Mon R\u00eave\" \/>\n<meta property=\"og:description\" content=\"C\u00e9l\u00e9brez la magie de No\u00ebl \u00e0 Mon R\u00eave No\u00ebl est une p\u00e9riode de connexion, de chaleur et de plaisir. Et o\u00f9 mieux vivre cela que dans un lieu o\u00f9 l&rsquo;histoire, le romantisme et l&rsquo;hospitalit\u00e9 se rencontrent ? Viendrez-vous aussi go\u00fbter aux d\u00e9lices culinaires de Mon R\u00eave ?\" \/>\n<meta property=\"og:url\" content=\"https:\/\/monrevevalkenburg.com\/fr\/noel-2\/\" \/>\n<meta property=\"og:site_name\" content=\"Mon R\u00eave\" \/>\n<meta property=\"article:modified_time\" content=\"2025-11-10T15:02:26+00:00\" \/>\n<meta property=\"og:image\" content=\"https:\/\/monrevevalkenburg.com\/wp-content\/uploads\/2025\/10\/DSC_6381-scaled-1-1024x681.jpg\" \/>\n<meta name=\"twitter:card\" content=\"summary_large_image\" \/>\n<meta name=\"twitter:label1\" content=\"Dur\u00e9e de lecture estim\u00e9e\" \/>\n\t<meta name=\"twitter:data1\" content=\"1 minute\" \/>\n<script type=\"application\/ld+json\" class=\"yoast-schema-graph\">{\"@context\":\"https:\\\/\\\/schema.org\",\"@graph\":[{\"@type\":\"WebPage\",\"@id\":\"https:\\\/\\\/monrevevalkenburg.com\\\/fr\\\/noel-2\\\/\",\"url\":\"https:\\\/\\\/monrevevalkenburg.com\\\/fr\\\/noel-2\\\/\",\"name\":\"No\u00ebl - Mon R\u00eave\",\"isPartOf\":{\"@id\":\"https:\\\/\\\/monrevevalkenburg.com\\\/fr\\\/#website\"},\"primaryImageOfPage\":{\"@id\":\"https:\\\/\\\/monrevevalkenburg.com\\\/fr\\\/noel-2\\\/#primaryimage\"},\"image\":{\"@id\":\"https:\\\/\\\/monrevevalkenburg.com\\\/fr\\\/noel-2\\\/#primaryimage\"},\"thumbnailUrl\":\"https:\\\/\\\/monrevevalkenburg.com\\\/wp-content\\\/uploads\\\/2025\\\/10\\\/DSC_6381-scaled-1-1024x681.jpg\",\"datePublished\":\"2024-12-03T09:51:29+00:00\",\"dateModified\":\"2025-11-10T15:02:26+00:00\",\"breadcrumb\":{\"@id\":\"https:\\\/\\\/monrevevalkenburg.com\\\/fr\\\/noel-2\\\/#breadcrumb\"},\"inLanguage\":\"fr-FR\",\"potentialAction\":[{\"@type\":\"ReadAction\",\"target\":[\"https:\\\/\\\/monrevevalkenburg.com\\\/fr\\\/noel-2\\\/\"]}]},{\"@type\":\"ImageObject\",\"inLanguage\":\"fr-FR\",\"@id\":\"https:\\\/\\\/monrevevalkenburg.com\\\/fr\\\/noel-2\\\/#primaryimage\",\"url\":\"https:\\\/\\\/monrevevalkenburg.com\\\/wp-content\\\/uploads\\\/2025\\\/10\\\/DSC_6381-scaled-1-1024x681.jpg\",\"contentUrl\":\"https:\\\/\\\/monrevevalkenburg.com\\\/wp-content\\\/uploads\\\/2025\\\/10\\\/DSC_6381-scaled-1-1024x681.jpg\"},{\"@type\":\"BreadcrumbList\",\"@id\":\"https:\\\/\\\/monrevevalkenburg.com\\\/fr\\\/noel-2\\\/#breadcrumb\",\"itemListElement\":[{\"@type\":\"ListItem\",\"position\":1,\"name\":\"Home\",\"item\":\"https:\\\/\\\/monrevevalkenburg.com\\\/fr\\\/\"},{\"@type\":\"ListItem\",\"position\":2,\"name\":\"No\u00ebl\"}]},{\"@type\":\"WebSite\",\"@id\":\"https:\\\/\\\/monrevevalkenburg.com\\\/fr\\\/#website\",\"url\":\"https:\\\/\\\/monrevevalkenburg.com\\\/fr\\\/\",\"name\":\"Mon R\u00eave Valkenburg\",\"description\":\"\",\"publisher\":{\"@id\":\"https:\\\/\\\/monrevevalkenburg.com\\\/fr\\\/#organization\"},\"potentialAction\":[{\"@type\":\"SearchAction\",\"target\":{\"@type\":\"EntryPoint\",\"urlTemplate\":\"https:\\\/\\\/monrevevalkenburg.com\\\/fr\\\/?s={search_term_string}\"},\"query-input\":{\"@type\":\"PropertyValueSpecification\",\"valueRequired\":true,\"valueName\":\"search_term_string\"}}],\"inLanguage\":\"fr-FR\"},{\"@type\":\"Organization\",\"@id\":\"https:\\\/\\\/monrevevalkenburg.com\\\/fr\\\/#organization\",\"name\":\"Mon R\u00eave\",\"url\":\"https:\\\/\\\/monrevevalkenburg.com\\\/fr\\\/\",\"logo\":{\"@type\":\"ImageObject\",\"inLanguage\":\"fr-FR\",\"@id\":\"https:\\\/\\\/monrevevalkenburg.com\\\/fr\\\/#\\\/schema\\\/logo\\\/image\\\/\",\"url\":\"https:\\\/\\\/monrevevalkenburg.com\\\/wp-content\\\/uploads\\\/2024\\\/09\\\/placeholder-logo.png\",\"contentUrl\":\"https:\\\/\\\/monrevevalkenburg.com\\\/wp-content\\\/uploads\\\/2024\\\/09\\\/placeholder-logo.png\",\"width\":794,\"height\":794,\"caption\":\"Mon R\u00eave\"},\"image\":{\"@id\":\"https:\\\/\\\/monrevevalkenburg.com\\\/fr\\\/#\\\/schema\\\/logo\\\/image\\\/\"}}]}<\/script>\n<!-- \/ Yoast SEO plugin. -->","yoast_head_json":{"title":"No\u00ebl - Mon R\u00eave","robots":{"index":"index","follow":"follow","max-snippet":"max-snippet:-1","max-image-preview":"max-image-preview:large","max-video-preview":"max-video-preview:-1"},"canonical":"https:\/\/monrevevalkenburg.com\/fr\/noel-2\/","og_locale":"fr_FR","og_type":"article","og_title":"No\u00ebl - Mon R\u00eave","og_description":"C\u00e9l\u00e9brez la magie de No\u00ebl \u00e0 Mon R\u00eave No\u00ebl est une p\u00e9riode de connexion, de chaleur et de plaisir. Et o\u00f9 mieux vivre cela que dans un lieu o\u00f9 l&rsquo;histoire, le romantisme et l&rsquo;hospitalit\u00e9 se rencontrent ? Viendrez-vous aussi go\u00fbter aux d\u00e9lices culinaires de Mon R\u00eave ?","og_url":"https:\/\/monrevevalkenburg.com\/fr\/noel-2\/","og_site_name":"Mon R\u00eave","article_modified_time":"2025-11-10T15:02:26+00:00","og_image":[{"url":"https:\/\/monrevevalkenburg.com\/wp-content\/uploads\/2025\/10\/DSC_6381-scaled-1-1024x681.jpg","type":"","width":"","height":""}],"twitter_card":"summary_large_image","twitter_misc":{"Dur\u00e9e de lecture estim\u00e9e":"1 minute"},"schema":{"@context":"https:\/\/schema.org","@graph":[{"@type":"WebPage","@id":"https:\/\/monrevevalkenburg.com\/fr\/noel-2\/","url":"https:\/\/monrevevalkenburg.com\/fr\/noel-2\/","name":"No\u00ebl - Mon R\u00eave","isPartOf":{"@id":"https:\/\/monrevevalkenburg.com\/fr\/#website"},"primaryImageOfPage":{"@id":"https:\/\/monrevevalkenburg.com\/fr\/noel-2\/#primaryimage"},"image":{"@id":"https:\/\/monrevevalkenburg.com\/fr\/noel-2\/#primaryimage"},"thumbnailUrl":"https:\/\/monrevevalkenburg.com\/wp-content\/uploads\/2025\/10\/DSC_6381-scaled-1-1024x681.jpg","datePublished":"2024-12-03T09:51:29+00:00","dateModified":"2025-11-10T15:02:26+00:00","breadcrumb":{"@id":"https:\/\/monrevevalkenburg.com\/fr\/noel-2\/#breadcrumb"},"inLanguage":"fr-FR","potentialAction":[{"@type":"ReadAction","target":["https:\/\/monrevevalkenburg.com\/fr\/noel-2\/"]}]},{"@type":"ImageObject","inLanguage":"fr-FR","@id":"https:\/\/monrevevalkenburg.com\/fr\/noel-2\/#primaryimage","url":"https:\/\/monrevevalkenburg.com\/wp-content\/uploads\/2025\/10\/DSC_6381-scaled-1-1024x681.jpg","contentUrl":"https:\/\/monrevevalkenburg.com\/wp-content\/uploads\/2025\/10\/DSC_6381-scaled-1-1024x681.jpg"},{"@type":"BreadcrumbList","@id":"https:\/\/monrevevalkenburg.com\/fr\/noel-2\/#breadcrumb","itemListElement":[{"@type":"ListItem","position":1,"name":"Home","item":"https:\/\/monrevevalkenburg.com\/fr\/"},{"@type":"ListItem","position":2,"name":"No\u00ebl"}]},{"@type":"WebSite","@id":"https:\/\/monrevevalkenburg.com\/fr\/#website","url":"https:\/\/monrevevalkenburg.com\/fr\/","name":"Mon R\u00eave Valkenburg","description":"","publisher":{"@id":"https:\/\/monrevevalkenburg.com\/fr\/#organization"},"potentialAction":[{"@type":"SearchAction","target":{"@type":"EntryPoint","urlTemplate":"https:\/\/monrevevalkenburg.com\/fr\/?s={search_term_string}"},"query-input":{"@type":"PropertyValueSpecification","valueRequired":true,"valueName":"search_term_string"}}],"inLanguage":"fr-FR"},{"@type":"Organization","@id":"https:\/\/monrevevalkenburg.com\/fr\/#organization","name":"Mon R\u00eave","url":"https:\/\/monrevevalkenburg.com\/fr\/","logo":{"@type":"ImageObject","inLanguage":"fr-FR","@id":"https:\/\/monrevevalkenburg.com\/fr\/#\/schema\/logo\/image\/","url":"https:\/\/monrevevalkenburg.com\/wp-content\/uploads\/2024\/09\/placeholder-logo.png","contentUrl":"https:\/\/monrevevalkenburg.com\/wp-content\/uploads\/2024\/09\/placeholder-logo.png","width":794,"height":794,"caption":"Mon R\u00eave"},"image":{"@id":"https:\/\/monrevevalkenburg.com\/fr\/#\/schema\/logo\/image\/"}}]}},"_links":{"self":[{"href":"https:\/\/monrevevalkenburg.com\/fr\/wp-json\/wp\/v2\/pages\/1716","targetHints":{"allow":["GET"]}}],"collection":[{"href":"https:\/\/monrevevalkenburg.com\/fr\/wp-json\/wp\/v2\/pages"}],"about":[{"href":"https:\/\/monrevevalkenburg.com\/fr\/wp-json\/wp\/v2\/types\/page"}],"author":[{"embeddable":true,"href":"https:\/\/monrevevalkenburg.com\/fr\/wp-json\/wp\/v2\/users\/2"}],"replies":[{"embeddable":true,"href":"https:\/\/monrevevalkenburg.com\/fr\/wp-json\/wp\/v2\/comments?post=1716"}],"version-history":[{"count":18,"href":"https:\/\/monrevevalkenburg.com\/fr\/wp-json\/wp\/v2\/pages\/1716\/revisions"}],"predecessor-version":[{"id":2789,"href":"https:\/\/monrevevalkenburg.com\/fr\/wp-json\/wp\/v2\/pages\/1716\/revisions\/2789"}],"wp:attachment":[{"href":"https:\/\/monrevevalkenburg.com\/fr\/wp-json\/wp\/v2\/media?parent=1716"}],"curies":[{"name":"wp","href":"https:\/\/api.w.org\/{rel}","templated":true}]}}