{"id":2065,"date":"2025-02-27T16:10:26","date_gmt":"2025-02-27T15:10:26","guid":{"rendered":"https:\/\/monrevevalkenburg.com\/cheques-cadeaux\/"},"modified":"2025-03-19T16:12:29","modified_gmt":"2025-03-19T15:12:29","slug":"cheques-cadeaux","status":"publish","type":"page","link":"https:\/\/monrevevalkenburg.com\/fr\/cheques-cadeaux\/","title":{"rendered":"Ch\u00e8ques-cadeaux"},"content":{"rendered":"\r\n    <section id=\"hero-other\" class=\"eye-block other-hero alignfull\">\r\n        <div class=\"hero-other-main-text\">\r\n            <div class=\"acf-innerblocks-container\">\n\r\n<div class=\"eye-block empty-space empty-space--large pt-md-5 pb-md-5 pt-4 pb-4\" ><\/div>\n\n\r\n<div class=\"eye-block empty-space empty-space--large pt-md-5 pb-md-5 pt-4 pb-4\" ><\/div>\n\n\n<h1 class=\"wp-block-heading\" id=\"geef-een-smaakvol-cadeau-1\">Offrez un <em>cadeau de<\/em> bon go\u00fbt<\/h1>\n\n\n\r\n<div class=\"eye-block empty-space empty-space--small pt-md-3 pb-md-3 pt-2 pb-2\" ><\/div>\n\n\n<p>Vous voulez surprendre quelqu&rsquo;un avec un cadeau sp\u00e9cial ? <br\/>Avec un <strong>ch\u00e8que-cadeau de Mon R\u00eave<\/strong>, vous pouvez rendre toutes les occasions encore plus sp\u00e9ciales.<\/p>\n\n<\/div>\r\n        <\/div>\r\n                    <div class=\"overlay\"><\/div>\r\n            <img decoding=\"async\" src=\"https:\/\/monrevevalkenburg.com\/wp-content\/uploads\/2024\/11\/Schermafbeelding202024-11-2120om2012.24.55_VSCO.jpg\">\r\n            <\/section>\r\n\r\n<div class=\"eye-element fullwidth-row alignfull style-both bg--none  alignfull\"\r\n     style=\"\">\r\n    \r\n\r\n        <div class=\"container\">\r\n            <div class=\"row\">\r\n                <div class=\"col-12\">\r\n                    <div class=\"acf-innerblocks-container\">\n\n<div class=\"ghostkit-grid ghostkit-grid-gap-md\"><div class=\"ghostkit-grid-inner\">\n<div class=\"ghostkit-col ghostkit-col-md-12 ghostkit-col-6\"><div class=\"ghostkit-col-content is-layout-flow wp-block-ghostkit-grid-column-is-layout-flow\">\r\n<div class=\"eye-block empty-space empty-space--large pt-md-5 pb-md-5 pt-4 pb-4\" ><\/div>\n\n\n<h2 class=\"wp-block-heading\" id=\"cadeaubon-van-mon-reve\">Ch\u00e8que-cadeau Mon R\u00eave<\/h2>\n\n\n\n<p>Qu&rsquo;il s&rsquo;agisse d&rsquo;un anniversaire, d&rsquo;une remise de dipl\u00f4me, de la f\u00eate des m\u00e8res ou d&rsquo;un simple moment \u00e0 c\u00e9l\u00e9brer, une exp\u00e9rience d\u00e9licieuse dans notre restaurant est toujours une bonne id\u00e9e.<\/p>\n\n\n\n<p>Vous d\u00e9cidez du montant du ch\u00e8que-cadeau, ce qui vous permet d&rsquo;offrir un cadeau adapt\u00e9. Le bon peut \u00eatre utilis\u00e9 dans notre restaurant et est disponible exclusivement chez Mon R\u00ebve. Passez prendre votre ch\u00e8que-cadeau : vous n&rsquo;offrirez pas seulement un cadeau, mais aussi une exp\u00e9rience \u00e0 vivre !  <\/p>\n<\/div><\/div>\n\n\n\n<div class=\"ghostkit-col ghostkit-col-md-12 ghostkit-col-6\"><div class=\"ghostkit-col-content is-layout-flow wp-block-ghostkit-grid-column-is-layout-flow\">\n<figure class=\"wp-block-image size-large\"><img decoding=\"async\" width=\"576\" height=\"1024\" src=\"https:\/\/monrevevalkenburg.com\/wp-content\/uploads\/2025\/03\/IMG_0596-576x1024.jpg\" alt=\"\" class=\"wp-image-2107\" srcset=\"https:\/\/monrevevalkenburg.com\/wp-content\/uploads\/2025\/03\/IMG_0596-576x1024.jpg 576w, https:\/\/monrevevalkenburg.com\/wp-content\/uploads\/2025\/03\/IMG_0596-169x300.jpg 169w, https:\/\/monrevevalkenburg.com\/wp-content\/uploads\/2025\/03\/IMG_0596-768x1365.jpg 768w, https:\/\/monrevevalkenburg.com\/wp-content\/uploads\/2025\/03\/IMG_0596-864x1536.jpg 864w, https:\/\/monrevevalkenburg.com\/wp-content\/uploads\/2025\/03\/IMG_0596-1152x2048.jpg 1152w, https:\/\/monrevevalkenburg.com\/wp-content\/uploads\/2025\/03\/IMG_0596-scaled.jpg 1440w\" sizes=\"(max-width: 576px) 100vw, 576px\" \/><\/figure>\n<\/div><\/div>\n<\/div><\/div>\n\n<\/div>\r\n                <\/div>\r\n            <\/div>\r\n        <\/div>\r\n\r\n    <\/div>\r\n","protected":false},"excerpt":{"rendered":"","protected":false},"author":2,"featured_media":0,"parent":0,"menu_order":0,"comment_status":"closed","ping_status":"closed","template":"","meta":{"_acf_changed":false,"ghostkit_customizer_options":"","ghostkit_custom_css":"","ghostkit_custom_js_head":"","ghostkit_custom_js_foot":"","ghostkit_typography":"","footnotes":""},"class_list":["post-2065","page","type-page","status-publish","hentry"],"acf":[],"yoast_head":"<!-- This site is optimized with the Yoast SEO plugin v27.3 - https:\/\/yoast.com\/product\/yoast-seo-wordpress\/ -->\n<title>Ch\u00e8ques-cadeaux - Mon R\u00eave<\/title>\n<meta name=\"description\" content=\"Vous voulez surprendre quelqu&#039;un avec un cadeau sp\u00e9cial ? Avec un ch\u00e8que-cadeau de Mon R\u00eave, vous pouvez rendre toutes les occasions encore plus sp\u00e9ciales.\" \/>\n<meta name=\"robots\" content=\"index, follow, max-snippet:-1, max-image-preview:large, max-video-preview:-1\" \/>\n<link rel=\"canonical\" href=\"https:\/\/monrevevalkenburg.com\/fr\/cheques-cadeaux\/\" \/>\n<meta property=\"og:locale\" content=\"fr_FR\" \/>\n<meta property=\"og:type\" content=\"article\" \/>\n<meta property=\"og:title\" content=\"Ch\u00e8ques-cadeaux - Mon R\u00eave\" \/>\n<meta property=\"og:description\" content=\"Vous voulez surprendre quelqu&#039;un avec un cadeau sp\u00e9cial ? Avec un ch\u00e8que-cadeau de Mon R\u00eave, vous pouvez rendre toutes les occasions encore plus sp\u00e9ciales.\" \/>\n<meta property=\"og:url\" content=\"https:\/\/monrevevalkenburg.com\/fr\/cheques-cadeaux\/\" \/>\n<meta property=\"og:site_name\" content=\"Mon R\u00eave\" \/>\n<meta property=\"article:modified_time\" content=\"2025-03-19T15:12:29+00:00\" \/>\n<meta property=\"og:image\" content=\"https:\/\/monrevevalkenburg.com\/wp-content\/uploads\/2025\/03\/IMG_0596-576x1024.jpg\" \/>\n<meta name=\"twitter:card\" content=\"summary_large_image\" \/>\n<meta name=\"twitter:label1\" content=\"Dur\u00e9e de lecture estim\u00e9e\" \/>\n\t<meta name=\"twitter:data1\" content=\"1 minute\" \/>\n<script type=\"application\/ld+json\" class=\"yoast-schema-graph\">{\"@context\":\"https:\\\/\\\/schema.org\",\"@graph\":[{\"@type\":\"WebPage\",\"@id\":\"https:\\\/\\\/monrevevalkenburg.com\\\/fr\\\/cheques-cadeaux\\\/\",\"url\":\"https:\\\/\\\/monrevevalkenburg.com\\\/fr\\\/cheques-cadeaux\\\/\",\"name\":\"Ch\u00e8ques-cadeaux - Mon R\u00eave\",\"isPartOf\":{\"@id\":\"https:\\\/\\\/monrevevalkenburg.com\\\/fr\\\/#website\"},\"primaryImageOfPage\":{\"@id\":\"https:\\\/\\\/monrevevalkenburg.com\\\/fr\\\/cheques-cadeaux\\\/#primaryimage\"},\"image\":{\"@id\":\"https:\\\/\\\/monrevevalkenburg.com\\\/fr\\\/cheques-cadeaux\\\/#primaryimage\"},\"thumbnailUrl\":\"https:\\\/\\\/monrevevalkenburg.com\\\/wp-content\\\/uploads\\\/2025\\\/03\\\/IMG_0596-576x1024.jpg\",\"datePublished\":\"2025-02-27T15:10:26+00:00\",\"dateModified\":\"2025-03-19T15:12:29+00:00\",\"description\":\"Vous voulez surprendre quelqu'un avec un cadeau sp\u00e9cial ? Avec un ch\u00e8que-cadeau de Mon R\u00eave, vous pouvez rendre toutes les occasions encore plus sp\u00e9ciales.\",\"breadcrumb\":{\"@id\":\"https:\\\/\\\/monrevevalkenburg.com\\\/fr\\\/cheques-cadeaux\\\/#breadcrumb\"},\"inLanguage\":\"fr-FR\",\"potentialAction\":[{\"@type\":\"ReadAction\",\"target\":[\"https:\\\/\\\/monrevevalkenburg.com\\\/fr\\\/cheques-cadeaux\\\/\"]}]},{\"@type\":\"ImageObject\",\"inLanguage\":\"fr-FR\",\"@id\":\"https:\\\/\\\/monrevevalkenburg.com\\\/fr\\\/cheques-cadeaux\\\/#primaryimage\",\"url\":\"https:\\\/\\\/monrevevalkenburg.com\\\/wp-content\\\/uploads\\\/2025\\\/03\\\/IMG_0596-576x1024.jpg\",\"contentUrl\":\"https:\\\/\\\/monrevevalkenburg.com\\\/wp-content\\\/uploads\\\/2025\\\/03\\\/IMG_0596-576x1024.jpg\"},{\"@type\":\"BreadcrumbList\",\"@id\":\"https:\\\/\\\/monrevevalkenburg.com\\\/fr\\\/cheques-cadeaux\\\/#breadcrumb\",\"itemListElement\":[{\"@type\":\"ListItem\",\"position\":1,\"name\":\"Home\",\"item\":\"https:\\\/\\\/monrevevalkenburg.com\\\/fr\\\/\"},{\"@type\":\"ListItem\",\"position\":2,\"name\":\"Ch\u00e8ques-cadeaux\"}]},{\"@type\":\"WebSite\",\"@id\":\"https:\\\/\\\/monrevevalkenburg.com\\\/fr\\\/#website\",\"url\":\"https:\\\/\\\/monrevevalkenburg.com\\\/fr\\\/\",\"name\":\"Mon R\u00eave Valkenburg\",\"description\":\"\",\"publisher\":{\"@id\":\"https:\\\/\\\/monrevevalkenburg.com\\\/fr\\\/#organization\"},\"potentialAction\":[{\"@type\":\"SearchAction\",\"target\":{\"@type\":\"EntryPoint\",\"urlTemplate\":\"https:\\\/\\\/monrevevalkenburg.com\\\/fr\\\/?s={search_term_string}\"},\"query-input\":{\"@type\":\"PropertyValueSpecification\",\"valueRequired\":true,\"valueName\":\"search_term_string\"}}],\"inLanguage\":\"fr-FR\"},{\"@type\":\"Organization\",\"@id\":\"https:\\\/\\\/monrevevalkenburg.com\\\/fr\\\/#organization\",\"name\":\"Mon R\u00eave\",\"url\":\"https:\\\/\\\/monrevevalkenburg.com\\\/fr\\\/\",\"logo\":{\"@type\":\"ImageObject\",\"inLanguage\":\"fr-FR\",\"@id\":\"https:\\\/\\\/monrevevalkenburg.com\\\/fr\\\/#\\\/schema\\\/logo\\\/image\\\/\",\"url\":\"https:\\\/\\\/monrevevalkenburg.com\\\/wp-content\\\/uploads\\\/2024\\\/09\\\/placeholder-logo.png\",\"contentUrl\":\"https:\\\/\\\/monrevevalkenburg.com\\\/wp-content\\\/uploads\\\/2024\\\/09\\\/placeholder-logo.png\",\"width\":794,\"height\":794,\"caption\":\"Mon R\u00eave\"},\"image\":{\"@id\":\"https:\\\/\\\/monrevevalkenburg.com\\\/fr\\\/#\\\/schema\\\/logo\\\/image\\\/\"}}]}<\/script>\n<!-- \/ Yoast SEO plugin. -->","yoast_head_json":{"title":"Ch\u00e8ques-cadeaux - Mon R\u00eave","description":"Vous voulez surprendre quelqu'un avec un cadeau sp\u00e9cial ? Avec un ch\u00e8que-cadeau de Mon R\u00eave, vous pouvez rendre toutes les occasions encore plus sp\u00e9ciales.","robots":{"index":"index","follow":"follow","max-snippet":"max-snippet:-1","max-image-preview":"max-image-preview:large","max-video-preview":"max-video-preview:-1"},"canonical":"https:\/\/monrevevalkenburg.com\/fr\/cheques-cadeaux\/","og_locale":"fr_FR","og_type":"article","og_title":"Ch\u00e8ques-cadeaux - Mon R\u00eave","og_description":"Vous voulez surprendre quelqu'un avec un cadeau sp\u00e9cial ? Avec un ch\u00e8que-cadeau de Mon R\u00eave, vous pouvez rendre toutes les occasions encore plus sp\u00e9ciales.","og_url":"https:\/\/monrevevalkenburg.com\/fr\/cheques-cadeaux\/","og_site_name":"Mon R\u00eave","article_modified_time":"2025-03-19T15:12:29+00:00","og_image":[{"url":"https:\/\/monrevevalkenburg.com\/wp-content\/uploads\/2025\/03\/IMG_0596-576x1024.jpg","type":"","width":"","height":""}],"twitter_card":"summary_large_image","twitter_misc":{"Dur\u00e9e de lecture estim\u00e9e":"1 minute"},"schema":{"@context":"https:\/\/schema.org","@graph":[{"@type":"WebPage","@id":"https:\/\/monrevevalkenburg.com\/fr\/cheques-cadeaux\/","url":"https:\/\/monrevevalkenburg.com\/fr\/cheques-cadeaux\/","name":"Ch\u00e8ques-cadeaux - Mon R\u00eave","isPartOf":{"@id":"https:\/\/monrevevalkenburg.com\/fr\/#website"},"primaryImageOfPage":{"@id":"https:\/\/monrevevalkenburg.com\/fr\/cheques-cadeaux\/#primaryimage"},"image":{"@id":"https:\/\/monrevevalkenburg.com\/fr\/cheques-cadeaux\/#primaryimage"},"thumbnailUrl":"https:\/\/monrevevalkenburg.com\/wp-content\/uploads\/2025\/03\/IMG_0596-576x1024.jpg","datePublished":"2025-02-27T15:10:26+00:00","dateModified":"2025-03-19T15:12:29+00:00","description":"Vous voulez surprendre quelqu'un avec un cadeau sp\u00e9cial ? Avec un ch\u00e8que-cadeau de Mon R\u00eave, vous pouvez rendre toutes les occasions encore plus sp\u00e9ciales.","breadcrumb":{"@id":"https:\/\/monrevevalkenburg.com\/fr\/cheques-cadeaux\/#breadcrumb"},"inLanguage":"fr-FR","potentialAction":[{"@type":"ReadAction","target":["https:\/\/monrevevalkenburg.com\/fr\/cheques-cadeaux\/"]}]},{"@type":"ImageObject","inLanguage":"fr-FR","@id":"https:\/\/monrevevalkenburg.com\/fr\/cheques-cadeaux\/#primaryimage","url":"https:\/\/monrevevalkenburg.com\/wp-content\/uploads\/2025\/03\/IMG_0596-576x1024.jpg","contentUrl":"https:\/\/monrevevalkenburg.com\/wp-content\/uploads\/2025\/03\/IMG_0596-576x1024.jpg"},{"@type":"BreadcrumbList","@id":"https:\/\/monrevevalkenburg.com\/fr\/cheques-cadeaux\/#breadcrumb","itemListElement":[{"@type":"ListItem","position":1,"name":"Home","item":"https:\/\/monrevevalkenburg.com\/fr\/"},{"@type":"ListItem","position":2,"name":"Ch\u00e8ques-cadeaux"}]},{"@type":"WebSite","@id":"https:\/\/monrevevalkenburg.com\/fr\/#website","url":"https:\/\/monrevevalkenburg.com\/fr\/","name":"Mon R\u00eave Valkenburg","description":"","publisher":{"@id":"https:\/\/monrevevalkenburg.com\/fr\/#organization"},"potentialAction":[{"@type":"SearchAction","target":{"@type":"EntryPoint","urlTemplate":"https:\/\/monrevevalkenburg.com\/fr\/?s={search_term_string}"},"query-input":{"@type":"PropertyValueSpecification","valueRequired":true,"valueName":"search_term_string"}}],"inLanguage":"fr-FR"},{"@type":"Organization","@id":"https:\/\/monrevevalkenburg.com\/fr\/#organization","name":"Mon R\u00eave","url":"https:\/\/monrevevalkenburg.com\/fr\/","logo":{"@type":"ImageObject","inLanguage":"fr-FR","@id":"https:\/\/monrevevalkenburg.com\/fr\/#\/schema\/logo\/image\/","url":"https:\/\/monrevevalkenburg.com\/wp-content\/uploads\/2024\/09\/placeholder-logo.png","contentUrl":"https:\/\/monrevevalkenburg.com\/wp-content\/uploads\/2024\/09\/placeholder-logo.png","width":794,"height":794,"caption":"Mon R\u00eave"},"image":{"@id":"https:\/\/monrevevalkenburg.com\/fr\/#\/schema\/logo\/image\/"}}]}},"_links":{"self":[{"href":"https:\/\/monrevevalkenburg.com\/fr\/wp-json\/wp\/v2\/pages\/2065","targetHints":{"allow":["GET"]}}],"collection":[{"href":"https:\/\/monrevevalkenburg.com\/fr\/wp-json\/wp\/v2\/pages"}],"about":[{"href":"https:\/\/monrevevalkenburg.com\/fr\/wp-json\/wp\/v2\/types\/page"}],"author":[{"embeddable":true,"href":"https:\/\/monrevevalkenburg.com\/fr\/wp-json\/wp\/v2\/users\/2"}],"replies":[{"embeddable":true,"href":"https:\/\/monrevevalkenburg.com\/fr\/wp-json\/wp\/v2\/comments?post=2065"}],"version-history":[{"count":8,"href":"https:\/\/monrevevalkenburg.com\/fr\/wp-json\/wp\/v2\/pages\/2065\/revisions"}],"predecessor-version":[{"id":2114,"href":"https:\/\/monrevevalkenburg.com\/fr\/wp-json\/wp\/v2\/pages\/2065\/revisions\/2114"}],"wp:attachment":[{"href":"https:\/\/monrevevalkenburg.com\/fr\/wp-json\/wp\/v2\/media?parent=2065"}],"curies":[{"name":"wp","href":"https:\/\/api.w.org\/{rel}","templated":true}]}}