{"id":913,"date":"2024-09-25T11:36:54","date_gmt":"2024-09-25T09:36:54","guid":{"rendered":"https:\/\/monrevevalkenburg.com\/lhistoire\/"},"modified":"2024-11-06T09:52:13","modified_gmt":"2024-11-06T08:52:13","slug":"lhistoire","status":"publish","type":"page","link":"https:\/\/monrevevalkenburg.com\/fr\/lhistoire\/","title":{"rendered":"L&rsquo;histoire"},"content":{"rendered":"\r\n    <section id=\"hero-other\" class=\"eye-block other-hero alignfull\">\r\n        <div class=\"hero-other-main-text\">\r\n            <div class=\"acf-innerblocks-container\">\n\n<h1 class=\"wp-block-heading\" id=\"ontdek-de-historie-van-kasteel-oost\">D\u00e9couvrez <em>l&rsquo;histoire de<\/em> Kasteel Oost<\/h1>\n\n\n\n<div class=\"ghostkit-grid ghostkit-grid-gap-md\"><div class=\"ghostkit-grid-inner\">\n<div class=\"ghostkit-col ghostkit-col-md-12 ghostkit-col-7\"><div class=\"ghostkit-col-content is-layout-flow wp-block-ghostkit-grid-column-is-layout-flow\">\n<p>D\u00e9couvrez la riche histoire de Kasteel Oost, un domaine vieux de plusieurs si\u00e8cles qui a \u00e9t\u00e9 r\u00e9habilit\u00e9 sous le nom de Koonings, le ch\u00e2teau du mariage.<\/p>\n<\/div><\/div>\n\n\n\n<div class=\"ghostkit-col ghostkit-col-md-12 ghostkit-col-5 is-layout-flow wp-block-ghostkit-grid-column-is-layout-flow\"><div class=\"ghostkit-col-content\"><\/div><\/div>\n<\/div><\/div>\n\n<\/div>\r\n        <\/div>\r\n                    <div class=\"overlay\"><\/div>\r\n            <img decoding=\"async\" src=\"https:\/\/monrevevalkenburg.com\/wp-content\/uploads\/2024\/10\/kasteel-oost-bw.webp\">\r\n            <\/section>\r\n\n\n\r\n<div class=\"eye-block empty-space empty-space--large pt-md-5 pb-md-5 pt-4 pb-4\" ><\/div>\n\n\r\n    <div class=\"eye-element fullwidth-row alignfull  style-left  alignfull\"\r\n         style=\"\">\r\n        \r\n\r\n        <div class=\"container\">\r\n            <div class=\"row\">\r\n                <div class=\"col-12\">\r\n                    <div class=\"acf-innerblocks-container\">\n\n<div class=\"ghostkit-grid ghostkit-grid-gap-lg ghostkit-grid-align-items-center\"><div class=\"ghostkit-grid-inner\">\n<div class=\"ghostkit-col ghostkit-col-md-12 ghostkit-col-7\"><div class=\"ghostkit-col-content is-layout-flow wp-block-ghostkit-grid-column-is-layout-flow\">\n<p class=\"me-2\">Avec son premier \u00e9tablissement, Koonings The Wedding Palace, \u00e0 Deurne, Ramona a non seulement r\u00e9alis\u00e9 son propre r\u00eave d&rsquo;un magasin de mariage palatial, mais elle a aussi exauc\u00e9 les r\u00eaves de milliers de mari\u00e9es chaque ann\u00e9e. Cependant, le d\u00e9sir d&rsquo;avoir son propre ch\u00e2teau ne l&rsquo;a jamais quitt\u00e9e. En 2023, elle a r\u00e9alis\u00e9 ce r\u00eave avec Kasteel Oost : Koonings The Wedding Castle.<\/p>\n\n\n\n<p>Vous voulez en savoir plus sur Ramona et Koonings ? Regardez le documentaire ici <\/p>\n\n\n    <div class=\"bsbutton text-start \" >\r\n                    <a class=\"btn btn-gold\" href=\"https:\/\/www.koonings.com\/op-tv\/documentaire-koonings\/\" target=\"\">Voir le documentaire<\/a>\r\n            <\/div>\r\n<\/div><\/div>\n\n\n\n<div class=\"ghostkit-col ghostkit-col-md-12 ghostkit-col-5\"><div class=\"ghostkit-col-content is-layout-flow wp-block-ghostkit-grid-column-is-layout-flow\">\n<figure data-rotate=\"10\" class=\"wp-block-image size-large\"><img decoding=\"async\" src=\"https:\/\/monrevevalkenburg.com\/wp-content\/uploads\/2024\/10\/kasteel-oost-bw-2-1024x639.jpg\" alt=\"\" class=\"wp-image-492\"\/><\/figure>\n<\/div><\/div>\n<\/div><\/div>\n\n<\/div>\r\n                <\/div>\r\n            <\/div>\r\n        <\/div>\r\n\r\n    <\/div>\r\n\n\n\r\n<div class=\"eye-block empty-space empty-space--large pt-md-5 pb-md-5 pt-4 pb-4\" ><\/div>\n\n\r\n<div class=\"eye-element fullwidth-row alignfull style-both bg--none  alignfull\"\r\n     style=\"\">\r\n    \r\n\r\n        <div class=\"container\">\r\n            <div class=\"row\">\r\n                <div class=\"col-12\">\r\n                    <div class=\"acf-innerblocks-container\">\n<div class=\"eye-element lead\">\r\n    <div class=\"acf-innerblocks-container\">\n\n<p><em>Kasteel Oost :<\/em> un lieu charg\u00e9 d&rsquo;histoire<\/p>\n\n<\/div>\r\n<\/div>\n\n\r\n<div class=\"eye-block empty-space empty-space--small pt-md-3 pb-md-3 pt-2 pb-2\" ><\/div>\n\n\n<p>L&rsquo;ann\u00e9e officielle de construction de Kasteel Oost remonte \u00e0 1836. Mais son histoire mouvement\u00e9e remonte \u00e0 1563. C&rsquo;est \u00e0 cette \u00e9poque, en tant que domaine, que le ch\u00e2teau a \u00e9t\u00e9 mentionn\u00e9 pour la premi\u00e8re fois dans des documents en rapport avec des travaux de r\u00e9novation et de reconstruction pr\u00e9vus. Lors de la premi\u00e8re vente document\u00e9e en 1587, il a \u00e9t\u00e9 appel\u00e9 pour la premi\u00e8re fois Kasteel Oost, nom qu&rsquo;il porte encore aujourd&rsquo;hui.<\/p>\n\n\n\n<p>Kasteel Oost retrace des si\u00e8cles d&rsquo;histoire mouvement\u00e9e. Un magnifique b\u00e2timent qui a toujours appartenu \u00e0 de riches familles nobles et dans lequel des personnalit\u00e9s de haut rang allaient et venaient. \u00c0 son apog\u00e9e, en 1626, Kasteel Oost \u00e9tait un lieu o\u00f9 de magnifiques festins se d\u00e9roulaient pendant des jours et o\u00f9 la haute soci\u00e9t\u00e9 se rencontrait. Au fil des si\u00e8cles, le ch\u00e2teau a connu une histoire mouvement\u00e9e, faite d&rsquo;h\u00e9ritages et de divers transferts de propri\u00e9t\u00e9, qui se sont toujours d\u00e9roul\u00e9s au sein de la haute noblesse. Tous avaient cependant une chose en commun : l&rsquo;attachement et l&rsquo;amour pour le ch\u00e2teau d&rsquo;Oost et ses terres.<\/p>\n\n<\/div>\r\n                <\/div>\r\n            <\/div>\r\n        <\/div>\r\n\r\n    <\/div>\r\n\n\n\r\n<div class=\"eye-block empty-space empty-space--large pt-md-5 pb-md-5 pt-4 pb-4\" ><\/div>\n\n\r\n    <div class=\"eye-element fullwidth-row alignfull bg--darkblue style-left  alignfull\"\r\n         style=\"\">\r\n        \r\n\r\n        <div class=\"container\">\r\n            <div class=\"row\">\r\n                <div class=\"col-12\">\r\n                    <div class=\"acf-innerblocks-container\">\n\r\n<div class=\"eye-block empty-space empty-space--small pt-md-3 pb-md-3 pt-2 pb-2\" ><\/div>\n\n\n<div class=\"ghostkit-grid ghostkit-grid-gap-lg ghostkit-grid-align-items-center\"><div class=\"ghostkit-grid-inner\">\n<div class=\"ghostkit-col ghostkit-col-md-12 ghostkit-col-7\"><div class=\"ghostkit-col-content is-layout-flow wp-block-ghostkit-grid-column-is-layout-flow\">\n<h2 class=\"wp-block-heading\" id=\"verbouwing-van-het-pand\">Reconstruction de la propri\u00e9t\u00e9<\/h2>\n\n\n\r\n<div class=\"eye-block empty-space empty-space--small pt-md-3 pb-md-3 pt-2 pb-2\" ><\/div>\n\n\n<p>A partir de 1830, le propri\u00e9taire belge Jonkheer de Pit\u00e9 a eu une influence particuli\u00e8re, dont les mesures structurelles ont fortement influenc\u00e9 l&rsquo;architecture actuelle de Kasteel Oost. Il a notamment fait agrandir l&rsquo;aile ouest jusqu&rsquo;\u00e0 sa taille actuelle, a donn\u00e9 aux murs ext\u00e9rieurs leur couleur jaune ocre actuelle et a fait int\u00e9grer les armoiries dans le pignon de la toiture avant, qui ornent encore aujourd&rsquo;hui l&rsquo;entr\u00e9e. Il a ainsi donn\u00e9 au ch\u00e2teau son style n\u00e9oclassique, qui a \u00e9t\u00e9 conserv\u00e9 jusqu&rsquo;\u00e0 aujourd&rsquo;hui.<\/p>\n<\/div><\/div>\n\n\n\n<div class=\"ghostkit-col ghostkit-col-md-12 ghostkit-col-5\"><div class=\"ghostkit-col-content is-layout-flow wp-block-ghostkit-grid-column-is-layout-flow\">\n<figure class=\"wp-block-image size-full\"><img decoding=\"async\" width=\"445\" height=\"450\" src=\"https:\/\/monrevevalkenburg.com\/wp-content\/uploads\/2024\/10\/nott002kast01ill0006.gif\" alt=\"\" class=\"wp-image-504\"\/><\/figure>\n<\/div><\/div>\n<\/div><\/div>\n\n\n\r\n<div class=\"eye-block empty-space empty-space--small pt-md-3 pb-md-3 pt-2 pb-2\" ><\/div>\n<\/div>\r\n                <\/div>\r\n            <\/div>\r\n        <\/div>\r\n\r\n    <\/div>\r\n\n\n\r\n<div class=\"eye-block empty-space empty-space--large pt-md-5 pb-md-5 pt-4 pb-4\" ><\/div>\n\n\r\n<div class=\"eye-element fullwidth-row alignfull style-both bg--none  alignfull\"\r\n     style=\"\">\r\n    \r\n\r\n        <div class=\"container\">\r\n            <div class=\"row\">\r\n                <div class=\"col-12\">\r\n                    <div class=\"acf-innerblocks-container\">\n\n<div class=\"ghostkit-grid ghostkit-grid-gap-md ghostkit-grid-align-items-center\"><div class=\"ghostkit-grid-inner\">\n<div class=\"ghostkit-col ghostkit-col-md-12 ghostkit-col-5\"><div class=\"ghostkit-col-content is-layout-flow wp-block-ghostkit-grid-column-is-layout-flow\">\n<figure data-rotate=\"-10\" class=\"wp-block-image size-full\"><img decoding=\"async\" width=\"1024\" height=\"996\" src=\"https:\/\/monrevevalkenburg.com\/wp-content\/uploads\/2024\/10\/kasteel-oost-bw-3.jpg\" alt=\"\" class=\"wp-image-498\" srcset=\"https:\/\/monrevevalkenburg.com\/wp-content\/uploads\/2024\/10\/kasteel-oost-bw-3.jpg 1024w, https:\/\/monrevevalkenburg.com\/wp-content\/uploads\/2024\/10\/kasteel-oost-bw-3-300x292.jpg 300w, https:\/\/monrevevalkenburg.com\/wp-content\/uploads\/2024\/10\/kasteel-oost-bw-3-768x747.jpg 768w\" sizes=\"(max-width: 1024px) 100vw, 1024px\" \/><\/figure>\n<\/div><\/div>\n\n\n\n<div class=\"ghostkit-col ghostkit-col-md-12 ghostkit-col-7\"><div class=\"ghostkit-col-content is-layout-flow wp-block-ghostkit-grid-column-is-layout-flow\">\n<h2 class=\"wp-block-heading\" id=\"de-draai\">Le coup de th\u00e9\u00e2tre<\/h2>\n\n\n\r\n<div class=\"eye-block empty-space empty-space--small pt-md-3 pb-md-3 pt-2 pb-2\" ><\/div>\n\n\n<p>Sans le savoir, il \u00e9tait d\u00e9j\u00e0 l&rsquo;un des derniers propri\u00e9taires priv\u00e9s et aristocratiques de la propri\u00e9t\u00e9. Comme les noms l&rsquo;indiquent, la fille de De Pit\u00e9, Alide, future baronne von Schrader, et sa fille Helene, future Wolff Metternich, ont toutes deux \u00e9pous\u00e9 des hommes d&rsquo;origine allemande. Compte tenu de l&rsquo;\u00e9volution historique de l&rsquo;\u00e9poque, c&rsquo;est une raison suffisante pour que les Pays-Bas, au d\u00e9but de la Seconde Guerre mondiale, confisquent la propri\u00e9t\u00e9 en tant que bien ennemi et l&rsquo;exploitent \u00e0 partir de ce moment-l\u00e0 comme propri\u00e9t\u00e9 de l&rsquo;\u00c9tat.    <\/p>\n\n\n\n<p>Bien que des id\u00e9es initiales aient vu le jour au d\u00e9but des ann\u00e9es 1940 pour transformer la propri\u00e9t\u00e9 en un casino avec un h\u00f4tel et un jardin de th\u00e9, elles n&rsquo;ont pas pu \u00eatre mises en \u0153uvre en raison de l&rsquo;occupation allemande.<\/p>\n<\/div><\/div>\n<\/div><\/div>\n\n<\/div>\r\n                <\/div>\r\n            <\/div>\r\n        <\/div>\r\n\r\n    <\/div>\r\n\n\n\r\n<div class=\"eye-block empty-space empty-space--large pt-md-5 pb-md-5 pt-4 pb-4\" ><\/div>\n\n\r\n<div class=\"eye-element fullwidth-row alignfull style-both bg--none  alignfull\"\r\n     style=\"\">\r\n    \r\n\r\n        <div class=\"container\">\r\n            <div class=\"row\">\r\n                <div class=\"col-12\">\r\n                    <div class=\"acf-innerblocks-container\">\n\n<div class=\"ghostkit-grid ghostkit-grid-gap-md ghostkit-grid-align-items-center\"><div class=\"ghostkit-grid-inner\">\n<div class=\"ghostkit-col ghostkit-col-md-12 ghostkit-col-7\"><div class=\"ghostkit-col-content is-layout-flow wp-block-ghostkit-grid-column-is-layout-flow\">\n<h2 class=\"wp-block-heading\" id=\"nieuwe-gebruik\">Nouvelle utilisation<\/h2>\n\n\n\r\n<div class=\"eye-block empty-space empty-space--small pt-md-3 pb-md-3 pt-2 pb-2\" ><\/div>\n\n\n<p>Apr\u00e8s la fin de la guerre, \u00e0 partir de 1946, le Kasteel Oost s&rsquo;est vu attribuer une nouvelle vocation par l&rsquo;\u00e9cole d&rsquo;agriculture de Valkenburg, ce qui a eu une forte influence sur l&rsquo;agencement et l&rsquo;utilisation de la propri\u00e9t\u00e9. D&rsquo;importants travaux de r\u00e9novation et d&rsquo;\u00e9lectricit\u00e9, le r\u00e9am\u00e9nagement de l&rsquo;\u00e9tage sup\u00e9rieur du b\u00e2timent principal et la construction d&rsquo;appartements dans l&rsquo;aile ouest ont \u00e9t\u00e9 r\u00e9alis\u00e9s en 1957, entra\u00eenant un changement complet de l&rsquo;utilisation du palais. Plus de 422 paysans ont \u00e9t\u00e9 \u00e9duqu\u00e9s pendant environ 25 ans avant que l&rsquo;\u00e9cole ne ferme ses portes en raison de mesures de restructuration \u00e9conomique. Pendant de nombreuses ann\u00e9es, le ch\u00e2teau a fait l&rsquo;objet d&rsquo;importants travaux de restauration, mais il est rest\u00e9 vide et inutilis\u00e9.   <\/p>\n\n\n\r\n<div class=\"eye-block empty-space empty-space--medium pt-md-4 pb-md-4 pt-3 pb-3\" ><\/div><\/div><\/div>\n\n\n\n<div class=\"ghostkit-col ghostkit-col-md-12 ghostkit-col-5\"><div class=\"ghostkit-col-content is-layout-flow wp-block-ghostkit-grid-column-is-layout-flow\">\n<figure data-rotate=\"10\" class=\"wp-block-image size-large\"><img decoding=\"async\" width=\"1024\" height=\"713\" src=\"https:\/\/monrevevalkenburg.com\/wp-content\/uploads\/2024\/10\/rijksmonument_36828_kasteel_oost_valkenburg_0-scaled-e1720178932176-1024x713.jpeg\" alt=\"\" class=\"wp-image-501\" srcset=\"https:\/\/monrevevalkenburg.com\/wp-content\/uploads\/2024\/10\/rijksmonument_36828_kasteel_oost_valkenburg_0-scaled-e1720178932176-1024x713.jpeg 1024w, https:\/\/monrevevalkenburg.com\/wp-content\/uploads\/2024\/10\/rijksmonument_36828_kasteel_oost_valkenburg_0-scaled-e1720178932176-300x209.jpeg 300w, https:\/\/monrevevalkenburg.com\/wp-content\/uploads\/2024\/10\/rijksmonument_36828_kasteel_oost_valkenburg_0-scaled-e1720178932176-768x535.jpeg 768w, https:\/\/monrevevalkenburg.com\/wp-content\/uploads\/2024\/10\/rijksmonument_36828_kasteel_oost_valkenburg_0-scaled-e1720178932176-1536x1070.jpeg 1536w, https:\/\/monrevevalkenburg.com\/wp-content\/uploads\/2024\/10\/rijksmonument_36828_kasteel_oost_valkenburg_0-scaled-e1720178932176-2048x1426.jpeg 2048w\" sizes=\"(max-width: 1024px) 100vw, 1024px\" \/><\/figure>\n<\/div><\/div>\n<\/div><\/div>\n\n\n\n<p>\u00c0 partir de 1978, le ch\u00e2teau a connu une nouvelle renaissance \u00e0 l&rsquo;\u00e9tage inf\u00e9rieur, gr\u00e2ce \u00e0 la municipalit\u00e9 de Valkenburg elle-m\u00eame, qui a d\u00e9cid\u00e9 d&rsquo;y construire un \u00ab\u00a0palais romantique du mariage\u00a0\u00bb, dans lequel le premier couple a \u00e9chang\u00e9 ses v\u0153ux de mariage le 26 ao\u00fbt 1978. Un projet qui sera suivi par des dizaines d&rsquo;autres et qui reviendront \u00e0 l&rsquo;avenir \u00e0 Koonings, le ch\u00e2teau des mariages. <\/p>\n\n<\/div>\r\n                <\/div>\r\n            <\/div>\r\n        <\/div>\r\n\r\n    <\/div>\r\n\n\n\r\n<div class=\"eye-block empty-space empty-space--large pt-md-5 pb-md-5 pt-4 pb-4\" ><\/div>\n\n\r\n<div class=\"eye-element fullwidth-row alignfull style-both bg--none  alignfull\"\r\n     style=\"\">\r\n    \r\n\r\n        <div class=\"container\">\r\n            <div class=\"row\">\r\n                <div class=\"col-12\">\r\n                    <div class=\"acf-innerblocks-container\">\n<div class=\"eye-element lead\">\r\n    <div class=\"acf-innerblocks-container\">\n\n<p><strong>\u00c9crire des <em>contes de f\u00e9es<\/em> <\/strong><\/p>\n\n<\/div>\r\n<\/div>\n\n\r\n<div class=\"eye-block empty-space empty-space--small pt-md-3 pb-md-3 pt-2 pb-2\" ><\/div>\n\n\n<p>En 2023, Ramona Koonings, propri\u00e9taire de Koonings The Wedding Palace, a eu l&rsquo;occasion de participer \u00e0 l&rsquo;appel d&rsquo;offres pour la vente de Kasteel Oost et de r\u00e9aliser enfin son r\u00eave le plus cher en ouvrant un ch\u00e2teau de mariage. Gr\u00e2ce \u00e0 un concept global \u00e9labor\u00e9 avec amour pour cette propri\u00e9t\u00e9 unique, elle remporte l&rsquo;appel d&rsquo;offres et devient propri\u00e9taire de Kasteel Oost en 2024. C&rsquo;est ainsi que na\u00eet Koonings The Wedding Castle.  <\/p>\n\n\n\n<p><br>Un lieu qui va bien au-del\u00e0 de la recherche d&rsquo;une robe de mari\u00e9e. Le domaine, qui s&rsquo;\u00e9tend sur plus de 35 000 m\u00b2, abritera un deuxi\u00e8me magasin de robes de mari\u00e9e, une boutique de mode masculine et enfantine pour les tenues de soir\u00e9e festives, deux restaurants, un h\u00f4tel et une salle de mariage. En outre, l&rsquo;ensemble sera compl\u00e9t\u00e9 par une orangerie et une salle de bal, de sorte que Koonings The Wedding Castle pourra \u00e9galement \u00eatre utilis\u00e9 \u00e0 l&rsquo;avenir comme lieu d&rsquo;\u00e9v\u00e9nements pour la c\u00e9l\u00e9bration de mariages et d&rsquo;autres f\u00eates somptueuses.  <\/p>\n\n<\/div>\r\n                <\/div>\r\n            <\/div>\r\n        <\/div>\r\n\r\n    <\/div>\r\n\n\n\r\n<div class=\"eye-block empty-space empty-space--large pt-md-5 pb-md-5 pt-4 pb-4\" ><\/div>\n\n\n<div class=\"ghostkit-grid ghostkit-grid-gap-no ghostkit-grid-justify-content-center\"><div class=\"ghostkit-grid-inner\">\n<div class=\"ghostkit-col ghostkit-col-12\"><div class=\"ghostkit-col-content is-layout-flow wp-block-ghostkit-grid-column-is-layout-flow\">\n<figure class=\"wp-block-image size-full\"><img decoding=\"async\" width=\"1300\" height=\"919\" src=\"https:\/\/monrevevalkenburg.com\/wp-content\/uploads\/2024\/10\/koo_valkenburg_vacature_binnenkant_1.png.webp\" alt=\"\" class=\"wp-image-507\" srcset=\"https:\/\/monrevevalkenburg.com\/wp-content\/uploads\/2024\/10\/koo_valkenburg_vacature_binnenkant_1.png.webp 1300w, https:\/\/monrevevalkenburg.com\/wp-content\/uploads\/2024\/10\/koo_valkenburg_vacature_binnenkant_1.png-300x212.webp 300w, https:\/\/monrevevalkenburg.com\/wp-content\/uploads\/2024\/10\/koo_valkenburg_vacature_binnenkant_1.png-1024x724.webp 1024w, https:\/\/monrevevalkenburg.com\/wp-content\/uploads\/2024\/10\/koo_valkenburg_vacature_binnenkant_1.png-768x543.webp 768w\" sizes=\"(max-width: 1300px) 100vw, 1300px\" \/><\/figure>\n<\/div><\/div>\n<\/div><\/div>\n\n\n\r\n<div class=\"eye-block empty-space empty-space--large pt-md-5 pb-md-5 pt-4 pb-4\" ><\/div>","protected":false},"excerpt":{"rendered":"","protected":false},"author":1,"featured_media":0,"parent":0,"menu_order":0,"comment_status":"closed","ping_status":"closed","template":"","meta":{"_acf_changed":false,"ghostkit_customizer_options":"","ghostkit_custom_css":"","ghostkit_custom_js_head":"","ghostkit_custom_js_foot":"","ghostkit_typography":"","footnotes":""},"class_list":["post-913","page","type-page","status-publish","hentry"],"acf":[],"yoast_head":"<!-- This site is optimized with the Yoast SEO plugin v27.3 - https:\/\/yoast.com\/product\/yoast-seo-wordpress\/ -->\n<title>L&#039;histoire - Mon R\u00eave<\/title>\n<meta name=\"robots\" content=\"index, follow, max-snippet:-1, max-image-preview:large, max-video-preview:-1\" \/>\n<link rel=\"canonical\" href=\"https:\/\/monrevevalkenburg.com\/fr\/lhistoire\/\" \/>\n<meta property=\"og:locale\" content=\"fr_FR\" \/>\n<meta property=\"og:type\" content=\"article\" \/>\n<meta property=\"og:title\" content=\"L&#039;histoire - Mon R\u00eave\" \/>\n<meta property=\"og:url\" content=\"https:\/\/monrevevalkenburg.com\/fr\/lhistoire\/\" \/>\n<meta property=\"og:site_name\" content=\"Mon R\u00eave\" \/>\n<meta property=\"article:modified_time\" content=\"2024-11-06T08:52:13+00:00\" \/>\n<meta property=\"og:image\" content=\"https:\/\/monrevevalkenburg.com\/wp-content\/uploads\/2024\/10\/kasteel-oost-bw-2-1024x639.jpg\" \/>\n<meta name=\"twitter:card\" content=\"summary_large_image\" \/>\n<meta name=\"twitter:label1\" content=\"Dur\u00e9e de lecture estim\u00e9e\" \/>\n\t<meta name=\"twitter:data1\" content=\"5 minutes\" \/>\n<script type=\"application\/ld+json\" class=\"yoast-schema-graph\">{\"@context\":\"https:\\\/\\\/schema.org\",\"@graph\":[{\"@type\":\"WebPage\",\"@id\":\"https:\\\/\\\/monrevevalkenburg.com\\\/fr\\\/lhistoire\\\/\",\"url\":\"https:\\\/\\\/monrevevalkenburg.com\\\/fr\\\/lhistoire\\\/\",\"name\":\"L'histoire - Mon R\u00eave\",\"isPartOf\":{\"@id\":\"https:\\\/\\\/monrevevalkenburg.com\\\/fr\\\/#website\"},\"primaryImageOfPage\":{\"@id\":\"https:\\\/\\\/monrevevalkenburg.com\\\/fr\\\/lhistoire\\\/#primaryimage\"},\"image\":{\"@id\":\"https:\\\/\\\/monrevevalkenburg.com\\\/fr\\\/lhistoire\\\/#primaryimage\"},\"thumbnailUrl\":\"https:\\\/\\\/monrevevalkenburg.com\\\/wp-content\\\/uploads\\\/2024\\\/10\\\/kasteel-oost-bw-2-1024x639.jpg\",\"datePublished\":\"2024-09-25T09:36:54+00:00\",\"dateModified\":\"2024-11-06T08:52:13+00:00\",\"breadcrumb\":{\"@id\":\"https:\\\/\\\/monrevevalkenburg.com\\\/fr\\\/lhistoire\\\/#breadcrumb\"},\"inLanguage\":\"fr-FR\",\"potentialAction\":[{\"@type\":\"ReadAction\",\"target\":[\"https:\\\/\\\/monrevevalkenburg.com\\\/fr\\\/lhistoire\\\/\"]}]},{\"@type\":\"ImageObject\",\"inLanguage\":\"fr-FR\",\"@id\":\"https:\\\/\\\/monrevevalkenburg.com\\\/fr\\\/lhistoire\\\/#primaryimage\",\"url\":\"https:\\\/\\\/monrevevalkenburg.com\\\/wp-content\\\/uploads\\\/2024\\\/10\\\/kasteel-oost-bw-2-1024x639.jpg\",\"contentUrl\":\"https:\\\/\\\/monrevevalkenburg.com\\\/wp-content\\\/uploads\\\/2024\\\/10\\\/kasteel-oost-bw-2-1024x639.jpg\"},{\"@type\":\"BreadcrumbList\",\"@id\":\"https:\\\/\\\/monrevevalkenburg.com\\\/fr\\\/lhistoire\\\/#breadcrumb\",\"itemListElement\":[{\"@type\":\"ListItem\",\"position\":1,\"name\":\"Home\",\"item\":\"https:\\\/\\\/monrevevalkenburg.com\\\/fr\\\/\"},{\"@type\":\"ListItem\",\"position\":2,\"name\":\"L&#8217;histoire\"}]},{\"@type\":\"WebSite\",\"@id\":\"https:\\\/\\\/monrevevalkenburg.com\\\/fr\\\/#website\",\"url\":\"https:\\\/\\\/monrevevalkenburg.com\\\/fr\\\/\",\"name\":\"Mon R\u00eave Valkenburg\",\"description\":\"\",\"publisher\":{\"@id\":\"https:\\\/\\\/monrevevalkenburg.com\\\/fr\\\/#organization\"},\"potentialAction\":[{\"@type\":\"SearchAction\",\"target\":{\"@type\":\"EntryPoint\",\"urlTemplate\":\"https:\\\/\\\/monrevevalkenburg.com\\\/fr\\\/?s={search_term_string}\"},\"query-input\":{\"@type\":\"PropertyValueSpecification\",\"valueRequired\":true,\"valueName\":\"search_term_string\"}}],\"inLanguage\":\"fr-FR\"},{\"@type\":\"Organization\",\"@id\":\"https:\\\/\\\/monrevevalkenburg.com\\\/fr\\\/#organization\",\"name\":\"Mon R\u00eave\",\"url\":\"https:\\\/\\\/monrevevalkenburg.com\\\/fr\\\/\",\"logo\":{\"@type\":\"ImageObject\",\"inLanguage\":\"fr-FR\",\"@id\":\"https:\\\/\\\/monrevevalkenburg.com\\\/fr\\\/#\\\/schema\\\/logo\\\/image\\\/\",\"url\":\"https:\\\/\\\/monrevevalkenburg.com\\\/wp-content\\\/uploads\\\/2024\\\/09\\\/placeholder-logo.png\",\"contentUrl\":\"https:\\\/\\\/monrevevalkenburg.com\\\/wp-content\\\/uploads\\\/2024\\\/09\\\/placeholder-logo.png\",\"width\":794,\"height\":794,\"caption\":\"Mon R\u00eave\"},\"image\":{\"@id\":\"https:\\\/\\\/monrevevalkenburg.com\\\/fr\\\/#\\\/schema\\\/logo\\\/image\\\/\"}}]}<\/script>\n<!-- \/ Yoast SEO plugin. -->","yoast_head_json":{"title":"L'histoire - Mon R\u00eave","robots":{"index":"index","follow":"follow","max-snippet":"max-snippet:-1","max-image-preview":"max-image-preview:large","max-video-preview":"max-video-preview:-1"},"canonical":"https:\/\/monrevevalkenburg.com\/fr\/lhistoire\/","og_locale":"fr_FR","og_type":"article","og_title":"L'histoire - Mon R\u00eave","og_url":"https:\/\/monrevevalkenburg.com\/fr\/lhistoire\/","og_site_name":"Mon R\u00eave","article_modified_time":"2024-11-06T08:52:13+00:00","og_image":[{"url":"https:\/\/monrevevalkenburg.com\/wp-content\/uploads\/2024\/10\/kasteel-oost-bw-2-1024x639.jpg","type":"","width":"","height":""}],"twitter_card":"summary_large_image","twitter_misc":{"Dur\u00e9e de lecture estim\u00e9e":"5 minutes"},"schema":{"@context":"https:\/\/schema.org","@graph":[{"@type":"WebPage","@id":"https:\/\/monrevevalkenburg.com\/fr\/lhistoire\/","url":"https:\/\/monrevevalkenburg.com\/fr\/lhistoire\/","name":"L'histoire - Mon R\u00eave","isPartOf":{"@id":"https:\/\/monrevevalkenburg.com\/fr\/#website"},"primaryImageOfPage":{"@id":"https:\/\/monrevevalkenburg.com\/fr\/lhistoire\/#primaryimage"},"image":{"@id":"https:\/\/monrevevalkenburg.com\/fr\/lhistoire\/#primaryimage"},"thumbnailUrl":"https:\/\/monrevevalkenburg.com\/wp-content\/uploads\/2024\/10\/kasteel-oost-bw-2-1024x639.jpg","datePublished":"2024-09-25T09:36:54+00:00","dateModified":"2024-11-06T08:52:13+00:00","breadcrumb":{"@id":"https:\/\/monrevevalkenburg.com\/fr\/lhistoire\/#breadcrumb"},"inLanguage":"fr-FR","potentialAction":[{"@type":"ReadAction","target":["https:\/\/monrevevalkenburg.com\/fr\/lhistoire\/"]}]},{"@type":"ImageObject","inLanguage":"fr-FR","@id":"https:\/\/monrevevalkenburg.com\/fr\/lhistoire\/#primaryimage","url":"https:\/\/monrevevalkenburg.com\/wp-content\/uploads\/2024\/10\/kasteel-oost-bw-2-1024x639.jpg","contentUrl":"https:\/\/monrevevalkenburg.com\/wp-content\/uploads\/2024\/10\/kasteel-oost-bw-2-1024x639.jpg"},{"@type":"BreadcrumbList","@id":"https:\/\/monrevevalkenburg.com\/fr\/lhistoire\/#breadcrumb","itemListElement":[{"@type":"ListItem","position":1,"name":"Home","item":"https:\/\/monrevevalkenburg.com\/fr\/"},{"@type":"ListItem","position":2,"name":"L&#8217;histoire"}]},{"@type":"WebSite","@id":"https:\/\/monrevevalkenburg.com\/fr\/#website","url":"https:\/\/monrevevalkenburg.com\/fr\/","name":"Mon R\u00eave Valkenburg","description":"","publisher":{"@id":"https:\/\/monrevevalkenburg.com\/fr\/#organization"},"potentialAction":[{"@type":"SearchAction","target":{"@type":"EntryPoint","urlTemplate":"https:\/\/monrevevalkenburg.com\/fr\/?s={search_term_string}"},"query-input":{"@type":"PropertyValueSpecification","valueRequired":true,"valueName":"search_term_string"}}],"inLanguage":"fr-FR"},{"@type":"Organization","@id":"https:\/\/monrevevalkenburg.com\/fr\/#organization","name":"Mon R\u00eave","url":"https:\/\/monrevevalkenburg.com\/fr\/","logo":{"@type":"ImageObject","inLanguage":"fr-FR","@id":"https:\/\/monrevevalkenburg.com\/fr\/#\/schema\/logo\/image\/","url":"https:\/\/monrevevalkenburg.com\/wp-content\/uploads\/2024\/09\/placeholder-logo.png","contentUrl":"https:\/\/monrevevalkenburg.com\/wp-content\/uploads\/2024\/09\/placeholder-logo.png","width":794,"height":794,"caption":"Mon R\u00eave"},"image":{"@id":"https:\/\/monrevevalkenburg.com\/fr\/#\/schema\/logo\/image\/"}}]}},"_links":{"self":[{"href":"https:\/\/monrevevalkenburg.com\/fr\/wp-json\/wp\/v2\/pages\/913","targetHints":{"allow":["GET"]}}],"collection":[{"href":"https:\/\/monrevevalkenburg.com\/fr\/wp-json\/wp\/v2\/pages"}],"about":[{"href":"https:\/\/monrevevalkenburg.com\/fr\/wp-json\/wp\/v2\/types\/page"}],"author":[{"embeddable":true,"href":"https:\/\/monrevevalkenburg.com\/fr\/wp-json\/wp\/v2\/users\/1"}],"replies":[{"embeddable":true,"href":"https:\/\/monrevevalkenburg.com\/fr\/wp-json\/wp\/v2\/comments?post=913"}],"version-history":[{"count":3,"href":"https:\/\/monrevevalkenburg.com\/fr\/wp-json\/wp\/v2\/pages\/913\/revisions"}],"predecessor-version":[{"id":926,"href":"https:\/\/monrevevalkenburg.com\/fr\/wp-json\/wp\/v2\/pages\/913\/revisions\/926"}],"wp:attachment":[{"href":"https:\/\/monrevevalkenburg.com\/fr\/wp-json\/wp\/v2\/media?parent=913"}],"curies":[{"name":"wp","href":"https:\/\/api.w.org\/{rel}","templated":true}]}}