{"id":915,"date":"2024-09-25T11:37:10","date_gmt":"2024-09-25T09:37:10","guid":{"rendered":"https:\/\/monrevevalkenburg.com\/travailler-a\/"},"modified":"2024-11-06T09:42:44","modified_gmt":"2024-11-06T08:42:44","slug":"travailler-a","status":"publish","type":"page","link":"https:\/\/monrevevalkenburg.com\/fr\/travailler-a\/","title":{"rendered":"Travailler \u00e0"},"content":{"rendered":"\n<div class=\"ghostkit-grid ghostkit-grid-gap-md ghostkit-grid-justify-content-center\"><div class=\"ghostkit-grid-inner\">\n<div class=\"ghostkit-col ghostkit-col-12\"><div class=\"ghostkit-col-content is-layout-flow wp-block-ghostkit-grid-column-is-layout-flow\">\r\n<div class=\"eye-block empty-space empty-space--large pt-md-5 pb-md-5 pt-4 pb-4\" ><\/div>\n\n\n<h1 class=\"wp-block-heading has-text-align-center\" id=\"werken-bij-koonings-the-wedding-castle\"><em>Travailler \u00e0<\/em> Koonings &#8211; Le ch\u00e2teau du mariage<\/h1>\n\n\n\r\n<div class=\"eye-block empty-space empty-space--small pt-md-3 pb-md-3 pt-2 pb-2\" ><\/div>\n\n\n<p class=\"has-text-align-center\">Chez Mon R\u00eave, nous accueillons toujours de nouveaux talents pour rejoindre notre \u00e9quipe. Forts de notre exp\u00e9rience culinaire totale, nous sommes constamment \u00e0 la recherche de professionnels passionn\u00e9s. \u00cates-vous pr\u00eat \u00e0 r\u00e9aliser votre r\u00eave de carri\u00e8re dans le cadre inspirant de Kasteel Oost ?  <\/p>\n\n\n\r\n<div class=\"eye-block empty-space empty-space--large pt-md-5 pb-md-5 pt-4 pb-4\" ><\/div><\/div><\/div>\n<\/div><\/div>\n<div class=\"row\">        <div class=\"col-lg-6 mb-4\">\r\n            <div class=\"card\">\r\n                                <div class=\"card-body\">\r\n                    <div class=\"d-flex flex-column flex-sm-row justify-content-between align-items-start align-items-sm-center\">\r\n                        <h5 class=\"card-title mb-2 mb-sm-0\">Aide \u00e0 la cuisine<\/h5>\r\n                        <a href=\"https:\/\/monrevevalkenburg.com\/fr\/werken-bij\/aide-a-la-cuisine\/\" class=\"btn btn-gold mt-2 mt-sm-0\">En savoir plus<\/a>\r\n                    <\/div>\r\n                <\/div>\r\n            <\/div>\r\n        <\/div>\r\n                <div class=\"col-lg-6 mb-4\">\r\n            <div class=\"card\">\r\n                                <div class=\"card-body\">\r\n                    <div class=\"d-flex flex-column flex-sm-row justify-content-between align-items-start align-items-sm-center\">\r\n                        <h5 class=\"card-title mb-2 mb-sm-0\">Cuisinier ind\u00e9pendant<\/h5>\r\n                        <a href=\"https:\/\/monrevevalkenburg.com\/fr\/werken-bij\/cuisinier-independant\/\" class=\"btn btn-gold mt-2 mt-sm-0\">En savoir plus<\/a>\r\n                    <\/div>\r\n                <\/div>\r\n            <\/div>\r\n        <\/div>\r\n                <div class=\"col-lg-6 mb-4\">\r\n            <div class=\"card\">\r\n                                <div class=\"card-body\">\r\n                    <div class=\"d-flex flex-column flex-sm-row justify-content-between align-items-start align-items-sm-center\">\r\n                        <h5 class=\"card-title mb-2 mb-sm-0\">Fonctionnement<\/h5>\r\n                        <a href=\"https:\/\/monrevevalkenburg.com\/fr\/werken-bij\/fonctionnement\/\" class=\"btn btn-gold mt-2 mt-sm-0\">En savoir plus<\/a>\r\n                    <\/div>\r\n                <\/div>\r\n            <\/div>\r\n        <\/div>\r\n                <div class=\"col-lg-6 mb-4\">\r\n            <div class=\"card\">\r\n                                <div class=\"card-body\">\r\n                    <div class=\"d-flex flex-column flex-sm-row justify-content-between align-items-start align-items-sm-center\">\r\n                        <h5 class=\"card-title mb-2 mb-sm-0\">Sommelier<\/h5>\r\n                        <a href=\"https:\/\/monrevevalkenburg.com\/fr\/werken-bij\/sommelier\/\" class=\"btn btn-gold mt-2 mt-sm-0\">En savoir plus<\/a>\r\n                    <\/div>\r\n                <\/div>\r\n            <\/div>\r\n        <\/div>\r\n                <div class=\"col-lg-6 mb-4\">\r\n            <div class=\"card\">\r\n                                <div class=\"card-body\">\r\n                    <div class=\"d-flex flex-column flex-sm-row justify-content-between align-items-start align-items-sm-center\">\r\n                        <h5 class=\"card-title mb-2 mb-sm-0\">Barman\/Femme<\/h5>\r\n                        <a href=\"https:\/\/monrevevalkenburg.com\/fr\/werken-bij\/barman-femme\/\" class=\"btn btn-gold mt-2 mt-sm-0\">En savoir plus<\/a>\r\n                    <\/div>\r\n                <\/div>\r\n            <\/div>\r\n        <\/div>\r\n        <\/div>\r\n<div class=\"eye-block empty-space empty-space--large pt-md-5 pb-md-5 pt-4 pb-4\" ><\/div>\n<p><\/p>\n","protected":false},"excerpt":{"rendered":"","protected":false},"author":1,"featured_media":0,"parent":0,"menu_order":0,"comment_status":"closed","ping_status":"closed","template":"","meta":{"_acf_changed":false,"ghostkit_customizer_options":"","ghostkit_custom_css":"","ghostkit_custom_js_head":"","ghostkit_custom_js_foot":"","ghostkit_typography":"","footnotes":""},"class_list":["post-915","page","type-page","status-publish","hentry"],"acf":[],"yoast_head":"<!-- This site is optimized with the Yoast SEO plugin v27.3 - https:\/\/yoast.com\/product\/yoast-seo-wordpress\/ -->\n<title>Travailler \u00e0 - Mon R\u00eave<\/title>\n<meta name=\"robots\" content=\"index, follow, max-snippet:-1, max-image-preview:large, max-video-preview:-1\" \/>\n<link rel=\"canonical\" href=\"https:\/\/monrevevalkenburg.com\/fr\/travailler-a\/\" \/>\n<meta property=\"og:locale\" content=\"fr_FR\" \/>\n<meta property=\"og:type\" content=\"article\" \/>\n<meta property=\"og:title\" content=\"Travailler \u00e0 - Mon R\u00eave\" \/>\n<meta property=\"og:url\" content=\"https:\/\/monrevevalkenburg.com\/fr\/travailler-a\/\" \/>\n<meta property=\"og:site_name\" content=\"Mon R\u00eave\" \/>\n<meta property=\"article:modified_time\" content=\"2024-11-06T08:42:44+00:00\" \/>\n<meta name=\"twitter:card\" content=\"summary_large_image\" \/>\n<script type=\"application\/ld+json\" class=\"yoast-schema-graph\">{\"@context\":\"https:\\\/\\\/schema.org\",\"@graph\":[{\"@type\":\"WebPage\",\"@id\":\"https:\\\/\\\/monrevevalkenburg.com\\\/fr\\\/travailler-a\\\/\",\"url\":\"https:\\\/\\\/monrevevalkenburg.com\\\/fr\\\/travailler-a\\\/\",\"name\":\"Travailler \u00e0 - Mon R\u00eave\",\"isPartOf\":{\"@id\":\"https:\\\/\\\/monrevevalkenburg.com\\\/fr\\\/#website\"},\"datePublished\":\"2024-09-25T09:37:10+00:00\",\"dateModified\":\"2024-11-06T08:42:44+00:00\",\"breadcrumb\":{\"@id\":\"https:\\\/\\\/monrevevalkenburg.com\\\/fr\\\/travailler-a\\\/#breadcrumb\"},\"inLanguage\":\"fr-FR\",\"potentialAction\":[{\"@type\":\"ReadAction\",\"target\":[\"https:\\\/\\\/monrevevalkenburg.com\\\/fr\\\/travailler-a\\\/\"]}]},{\"@type\":\"BreadcrumbList\",\"@id\":\"https:\\\/\\\/monrevevalkenburg.com\\\/fr\\\/travailler-a\\\/#breadcrumb\",\"itemListElement\":[{\"@type\":\"ListItem\",\"position\":1,\"name\":\"Home\",\"item\":\"https:\\\/\\\/monrevevalkenburg.com\\\/fr\\\/\"},{\"@type\":\"ListItem\",\"position\":2,\"name\":\"Travailler \u00e0\"}]},{\"@type\":\"WebSite\",\"@id\":\"https:\\\/\\\/monrevevalkenburg.com\\\/fr\\\/#website\",\"url\":\"https:\\\/\\\/monrevevalkenburg.com\\\/fr\\\/\",\"name\":\"Mon R\u00eave Valkenburg\",\"description\":\"\",\"publisher\":{\"@id\":\"https:\\\/\\\/monrevevalkenburg.com\\\/fr\\\/#organization\"},\"potentialAction\":[{\"@type\":\"SearchAction\",\"target\":{\"@type\":\"EntryPoint\",\"urlTemplate\":\"https:\\\/\\\/monrevevalkenburg.com\\\/fr\\\/?s={search_term_string}\"},\"query-input\":{\"@type\":\"PropertyValueSpecification\",\"valueRequired\":true,\"valueName\":\"search_term_string\"}}],\"inLanguage\":\"fr-FR\"},{\"@type\":\"Organization\",\"@id\":\"https:\\\/\\\/monrevevalkenburg.com\\\/fr\\\/#organization\",\"name\":\"Mon R\u00eave\",\"url\":\"https:\\\/\\\/monrevevalkenburg.com\\\/fr\\\/\",\"logo\":{\"@type\":\"ImageObject\",\"inLanguage\":\"fr-FR\",\"@id\":\"https:\\\/\\\/monrevevalkenburg.com\\\/fr\\\/#\\\/schema\\\/logo\\\/image\\\/\",\"url\":\"https:\\\/\\\/monrevevalkenburg.com\\\/wp-content\\\/uploads\\\/2024\\\/09\\\/placeholder-logo.png\",\"contentUrl\":\"https:\\\/\\\/monrevevalkenburg.com\\\/wp-content\\\/uploads\\\/2024\\\/09\\\/placeholder-logo.png\",\"width\":794,\"height\":794,\"caption\":\"Mon R\u00eave\"},\"image\":{\"@id\":\"https:\\\/\\\/monrevevalkenburg.com\\\/fr\\\/#\\\/schema\\\/logo\\\/image\\\/\"}}]}<\/script>\n<!-- \/ Yoast SEO plugin. -->","yoast_head_json":{"title":"Travailler \u00e0 - Mon R\u00eave","robots":{"index":"index","follow":"follow","max-snippet":"max-snippet:-1","max-image-preview":"max-image-preview:large","max-video-preview":"max-video-preview:-1"},"canonical":"https:\/\/monrevevalkenburg.com\/fr\/travailler-a\/","og_locale":"fr_FR","og_type":"article","og_title":"Travailler \u00e0 - Mon R\u00eave","og_url":"https:\/\/monrevevalkenburg.com\/fr\/travailler-a\/","og_site_name":"Mon R\u00eave","article_modified_time":"2024-11-06T08:42:44+00:00","twitter_card":"summary_large_image","schema":{"@context":"https:\/\/schema.org","@graph":[{"@type":"WebPage","@id":"https:\/\/monrevevalkenburg.com\/fr\/travailler-a\/","url":"https:\/\/monrevevalkenburg.com\/fr\/travailler-a\/","name":"Travailler \u00e0 - Mon R\u00eave","isPartOf":{"@id":"https:\/\/monrevevalkenburg.com\/fr\/#website"},"datePublished":"2024-09-25T09:37:10+00:00","dateModified":"2024-11-06T08:42:44+00:00","breadcrumb":{"@id":"https:\/\/monrevevalkenburg.com\/fr\/travailler-a\/#breadcrumb"},"inLanguage":"fr-FR","potentialAction":[{"@type":"ReadAction","target":["https:\/\/monrevevalkenburg.com\/fr\/travailler-a\/"]}]},{"@type":"BreadcrumbList","@id":"https:\/\/monrevevalkenburg.com\/fr\/travailler-a\/#breadcrumb","itemListElement":[{"@type":"ListItem","position":1,"name":"Home","item":"https:\/\/monrevevalkenburg.com\/fr\/"},{"@type":"ListItem","position":2,"name":"Travailler \u00e0"}]},{"@type":"WebSite","@id":"https:\/\/monrevevalkenburg.com\/fr\/#website","url":"https:\/\/monrevevalkenburg.com\/fr\/","name":"Mon R\u00eave Valkenburg","description":"","publisher":{"@id":"https:\/\/monrevevalkenburg.com\/fr\/#organization"},"potentialAction":[{"@type":"SearchAction","target":{"@type":"EntryPoint","urlTemplate":"https:\/\/monrevevalkenburg.com\/fr\/?s={search_term_string}"},"query-input":{"@type":"PropertyValueSpecification","valueRequired":true,"valueName":"search_term_string"}}],"inLanguage":"fr-FR"},{"@type":"Organization","@id":"https:\/\/monrevevalkenburg.com\/fr\/#organization","name":"Mon R\u00eave","url":"https:\/\/monrevevalkenburg.com\/fr\/","logo":{"@type":"ImageObject","inLanguage":"fr-FR","@id":"https:\/\/monrevevalkenburg.com\/fr\/#\/schema\/logo\/image\/","url":"https:\/\/monrevevalkenburg.com\/wp-content\/uploads\/2024\/09\/placeholder-logo.png","contentUrl":"https:\/\/monrevevalkenburg.com\/wp-content\/uploads\/2024\/09\/placeholder-logo.png","width":794,"height":794,"caption":"Mon R\u00eave"},"image":{"@id":"https:\/\/monrevevalkenburg.com\/fr\/#\/schema\/logo\/image\/"}}]}},"_links":{"self":[{"href":"https:\/\/monrevevalkenburg.com\/fr\/wp-json\/wp\/v2\/pages\/915","targetHints":{"allow":["GET"]}}],"collection":[{"href":"https:\/\/monrevevalkenburg.com\/fr\/wp-json\/wp\/v2\/pages"}],"about":[{"href":"https:\/\/monrevevalkenburg.com\/fr\/wp-json\/wp\/v2\/types\/page"}],"author":[{"embeddable":true,"href":"https:\/\/monrevevalkenburg.com\/fr\/wp-json\/wp\/v2\/users\/1"}],"replies":[{"embeddable":true,"href":"https:\/\/monrevevalkenburg.com\/fr\/wp-json\/wp\/v2\/comments?post=915"}],"version-history":[{"count":1,"href":"https:\/\/monrevevalkenburg.com\/fr\/wp-json\/wp\/v2\/pages\/915\/revisions"}],"predecessor-version":[{"id":916,"href":"https:\/\/monrevevalkenburg.com\/fr\/wp-json\/wp\/v2\/pages\/915\/revisions\/916"}],"wp:attachment":[{"href":"https:\/\/monrevevalkenburg.com\/fr\/wp-json\/wp\/v2\/media?parent=915"}],"curies":[{"name":"wp","href":"https:\/\/api.w.org\/{rel}","templated":true}]}}